{"id":3,"date":"2022-10-13T11:52:57","date_gmt":"2022-10-13T11:52:57","guid":{"rendered":"https:\/\/centroferiascordoba.com\/?page_id=3"},"modified":"2022-10-29T13:59:16","modified_gmt":"2022-10-29T13:59:16","slug":"avisos-legales","status":"publish","type":"page","link":"https:\/\/centroferiascordoba.com\/en\/avisos-legales\/","title":{"rendered":"Avisos Legales"},"content":{"rendered":"<p><span style=\"color: #000000;\">Por favor, lee la informaci\u00f3n contenida en estos apartados al objeto de conocer las condiciones y t\u00e9rminos de uso del Portal de la web del Centro de Exposiciones, Ferias y Convenciones de C\u00f3rdoba del Ayuntamiento de C\u00f3rdoba (en adelante el Portal). Este Portal tiene por objeto poner a disposici\u00f3n de los usuarios informaciones relacionadas con el Centro de Exposiciones, Ferias y Convenciones de C\u00f3rdoba del Ayuntamiento de C\u00f3rdoba de manera totalmente gratuita. La persona usuaria de este Portal deber\u00e1 aceptar las presentes condiciones y t\u00e9rminos de uso que tienen car\u00e1cter vinculante, entendi\u00e9ndose que el simple uso de estas p\u00e1ginas supone la referida aceptaci\u00f3n con car\u00e1cter \u00edntegro y sin ning\u00fan tipo de reservas. Estas condiciones y t\u00e9rminos de uso tendr\u00e1n una vigencia indefinida, reserv\u00e1ndose el Ayuntamiento de C\u00f3rdoba el derecho a modificarlas sin necesidad de previo aviso. <\/span><\/p>\n<p><span style=\"color: #000000;\"><strong>T\u00e9rminos de uso<\/strong> <\/span><\/p>\n<p><span style=\"color: #000000;\">La persona usuaria acceder\u00e1 al Portal y har\u00e1 uso del contenido del mismo conforme a la legalidad vigente en cada momento y a las normas de la buena fe, la moral y las buenas costumbres. La persona usuaria no podr\u00e1 usar el presente sitio web con ninguna finalidad o prop\u00f3sito que sea ilegal o est\u00e9 prohibido por las presentes condiciones de uso, quedando prohibida cualquier actuaci\u00f3n en perjuicio del Ayuntamiento de C\u00f3rdoba o de terceros. Especialmente la persona usuaria no podr\u00e1 acceder al Portal de modo que da\u00f1e, deteriore, inutilice o sobrecargue los servicios y\/o informaci\u00f3n ofrecida, no podr\u00e1 interferir el uso de dichos servicios y\/o informaci\u00f3n por otros terceros, no podr\u00e1 intentar el acceso ni acceder a sitios, servicios, sistemas inform\u00e1ticos del Portal o a redes conectadas al Portal sin autorizaci\u00f3n cuando la misma sea preceptiva para el acceso, ni mediante actos de intrusi\u00f3n (hacking) o por cualquier otro medio no autorizado. <\/span><\/p>\n<p><span style=\"color: #000000;\"><strong>Responsabilidad <\/strong><\/span><\/p>\n<p><span style=\"color: #000000;\">El Ayuntamiento de C\u00f3rdoba no se hace responsable en ning\u00fan caso de ning\u00fan da\u00f1o que se pudiera causar a un tercero por las personas usuarias del Portal como consecuencia del uso ilegal o inadecuado del mismo, ni como consecuencia de los contenidos e informaciones accesibles o facilitadas a trav\u00e9s de ella, ni de los sitios vinculados a la misma. Los responsables ser\u00e1n los usuarios o terceros causantes de los da\u00f1os. Las eventuales referencias que se hagan en el Portal a cualquier producto, servicio, proceso, enlace, hipertexto o cualquier otra informaci\u00f3n, utilizando la marca, el nombre comercial, o el nombre del fabricante o suministrador, que sean de titularidad de terceros, no constituyen ni implican respaldo, patrocinio o recomendaci\u00f3n por parte del Ayuntamiento de C\u00f3rdoba. El Ayuntamiento de C\u00f3rdoba no garantiza la disponibilidad y continuidad del funcionamiento del Portal y de los servicios, reserv\u00e1ndose igualmente el derecho a suspender temporalmente el acceso al portal, sin previo aviso, de forma discrecional y temporal. El Ayuntamiento de C\u00f3rdoba no ser\u00e1 responsable de los da\u00f1os y perjuicios que se pudieran causar como consecuencia de la falta de disponibilidad y\/o continuidad. El Ayuntamiento de C\u00f3rdoba no garantiza la ausencia de virus en los servicios y contenidos del Portal, ya sean prestados directamente o por terceros, incluidas las conexiones a trav\u00e9s de \u00ablinks\u00bb, por lo que no ser\u00e1 responsable de los da\u00f1os y perjuicios que se puedan causar como consecuencia de la existencia de dichos virus. El Ayuntamiento de C\u00f3rdoba realiza el m\u00e1ximo esfuerzo para evitar errores en la informaci\u00f3n contenida en sus p\u00e1ginas, no obstante, no puede garantizar su inexistencia ni que el contenido de la informaci\u00f3n se encuentre permanentemente actualizado. <\/span><\/p>\n<p><span style=\"color: #000000;\"><strong>Propiedad intelectual <\/strong><\/span><\/p>\n<p><span style=\"color: #000000;\">El Ayuntamiento de C\u00f3rdoba promueve el libre uso y reutilizaci\u00f3n de los textos disponibles en el presente Portal sobre los que ostenta derechos de propiedad intelectual. Dichos textos est\u00e1n disponibles a trav\u00e9s de una licencia-tipo Creative Commons Reconocimiento 3.0. De modo general, el Ayuntamiento de C\u00f3rdoba te autoriza a: \u00a0\u00a0 \u00a0<\/span><\/p>\n<ul>\n<li><span style=\"color: #000000;\">Copiar, redistribuir y comunicar p\u00fablicamente los textos del Portal. \u00a0 \u00a0<\/span><\/li>\n<li><span style=\"color: #000000;\">Hacer un uso comercial de los contenidos. \u00a0 <\/span><\/li>\n<li><span style=\"color: #000000;\">\u00a0Generar obras derivadas. <\/span><\/li>\n<\/ul>\n<p><span style=\"color: #000000;\">Para ello, debes cumplir las siguientes obligaciones: \u00a0\u00a0 <\/span><\/p>\n<ul>\n<li><span style=\"color: #000000;\">\u00a0Reconocer expl\u00edcitamente la fuente de informaci\u00f3n, incorporando la siguiente f\u00f3rmula en un lugar visible: \u201cInformaci\u00f3n obtenida del Portal del Centro de Exposiciones, Ferias y Convenciones de C\u00f3rdoba del Ayuntamiento de C\u00f3rdoba\u201d. \u00a0\u00a0 \u00a0<\/span><\/li>\n<li><span style=\"color: #000000;\">Incluir la misma obligaci\u00f3n de reconocimiento en los t\u00e9rminos de licencia de cualquier producto derivado que haga uso de esta informaci\u00f3n. \u00a0\u00a0 \u00a0<\/span><\/li>\n<li><span style=\"color: #000000;\">No desnaturalizar el sentido de la informaci\u00f3n reproducida. \u00a0\u00a0 \u00a0<\/span><\/li>\n<li><span style=\"color: #000000;\">Evitar cualquier rasgo de presentaci\u00f3n que sugiera que el Ayuntamiento de C\u00f3rdoba apoya o promueve el uso que se hace de la informaci\u00f3n difundida. En ning\u00fan caso est\u00e1 permitida la reproducci\u00f3n de logotipos, escudos, s\u00edmbolos y marcas identificativas del Centro de Exposiciones, Ferias y Convenciones de C\u00f3rdoba y del Ayuntamiento de C\u00f3rdoba sin autorizaci\u00f3n expresa de la instituci\u00f3n. Estas consideraciones no afectan a aquellos contenidos que no son objeto de propiedad intelectual, de acuerdo con el Art\u00edculo 13 del Real Decreto Legislativo 1\/1996, de 12 de abril, por el que se aprueba el Texto Refundido de la Ley de Propiedad Intelectual, ni a los l\u00edmites previstos en el art\u00edculo 31 y siguientes de dicha norma.<\/span><\/li>\n<\/ul>","protected":false},"excerpt":{"rendered":"<p>Por favor, lee la informaci\u00f3n contenida en estos apartados al objeto de conocer las condiciones y t\u00e9rminos de uso del&#8230;<\/p>","protected":false},"author":10,"featured_media":0,"parent":0,"menu_order":0,"comment_status":"closed","ping_status":"open","template":"","meta":{"footnotes":""},"class_list":["post-3","page","type-page","status-publish"],"yoast_head":"<!-- This site is optimized with the Yoast SEO plugin v20.1 - https:\/\/yoast.com\/wordpress\/plugins\/seo\/ -->\n<title>Avisos Legales - CEFC<\/title>\n<meta name=\"robots\" content=\"index, follow, max-snippet:-1, max-image-preview:large, max-video-preview:-1\" \/>\n<link rel=\"canonical\" href=\"https:\/\/centroferiascordoba.com\/en\/avisos-legales\/\" \/>\n<meta property=\"og:locale\" content=\"en_GB\" \/>\n<meta property=\"og:type\" content=\"article\" \/>\n<meta property=\"og:title\" content=\"Avisos Legales - CEFC\" \/>\n<meta property=\"og:description\" content=\"Por favor, lee la informaci\u00f3n contenida en estos apartados al objeto de conocer las condiciones y t\u00e9rminos de uso del...\" \/>\n<meta property=\"og:url\" content=\"https:\/\/centroferiascordoba.com\/en\/avisos-legales\/\" \/>\n<meta property=\"og:site_name\" content=\"CEFC\" \/>\n<meta property=\"article:modified_time\" content=\"2022-10-29T13:59:16+00:00\" \/>\n<meta name=\"twitter:card\" content=\"summary_large_image\" \/>\n<meta name=\"twitter:label1\" content=\"Estimated reading time\" \/>\n\t<meta name=\"twitter:data1\" content=\"4 minutes\" \/>\n<script type=\"application\/ld+json\" class=\"yoast-schema-graph\">{\"@context\":\"https:\/\/schema.org\",\"@graph\":[{\"@type\":\"WebPage\",\"@id\":\"https:\/\/centroferiascordoba.com\/avisos-legales\/\",\"url\":\"https:\/\/centroferiascordoba.com\/avisos-legales\/\",\"name\":\"Avisos Legales - CEFC\",\"isPartOf\":{\"@id\":\"https:\/\/centroferiascordoba.com\/#website\"},\"datePublished\":\"2022-10-13T11:52:57+00:00\",\"dateModified\":\"2022-10-29T13:59:16+00:00\",\"breadcrumb\":{\"@id\":\"https:\/\/centroferiascordoba.com\/avisos-legales\/#breadcrumb\"},\"inLanguage\":\"en-GB\",\"potentialAction\":[{\"@type\":\"ReadAction\",\"target\":[\"https:\/\/centroferiascordoba.com\/avisos-legales\/\"]}]},{\"@type\":\"BreadcrumbList\",\"@id\":\"https:\/\/centroferiascordoba.com\/avisos-legales\/#breadcrumb\",\"itemListElement\":[{\"@type\":\"ListItem\",\"position\":1,\"name\":\"Portada\",\"item\":\"https:\/\/centroferiascordoba.com\/\"},{\"@type\":\"ListItem\",\"position\":2,\"name\":\"Avisos Legales\"}]},{\"@type\":\"WebSite\",\"@id\":\"https:\/\/centroferiascordoba.com\/#website\",\"url\":\"https:\/\/centroferiascordoba.com\/\",\"name\":\"CEFC\",\"description\":\"Sitio Web Oficial Centro de Exposiciones, Ferias y Convenciones de C\u00f3rdoba\",\"potentialAction\":[{\"@type\":\"SearchAction\",\"target\":{\"@type\":\"EntryPoint\",\"urlTemplate\":\"https:\/\/centroferiascordoba.com\/?s={search_term_string}\"},\"query-input\":\"required name=search_term_string\"}],\"inLanguage\":\"en-GB\"}]}<\/script>\n<!-- \/ Yoast SEO plugin. -->","yoast_head_json":{"title":"Avisos Legales - CEFC","robots":{"index":"index","follow":"follow","max-snippet":"max-snippet:-1","max-image-preview":"max-image-preview:large","max-video-preview":"max-video-preview:-1"},"canonical":"https:\/\/centroferiascordoba.com\/en\/avisos-legales\/","og_locale":"en_GB","og_type":"article","og_title":"Avisos Legales - CEFC","og_description":"Por favor, lee la informaci\u00f3n contenida en estos apartados al objeto de conocer las condiciones y t\u00e9rminos de uso del...","og_url":"https:\/\/centroferiascordoba.com\/en\/avisos-legales\/","og_site_name":"CEFC","article_modified_time":"2022-10-29T13:59:16+00:00","twitter_card":"summary_large_image","twitter_misc":{"Estimated reading time":"4 minutes"},"schema":{"@context":"https:\/\/schema.org","@graph":[{"@type":"WebPage","@id":"https:\/\/centroferiascordoba.com\/avisos-legales\/","url":"https:\/\/centroferiascordoba.com\/avisos-legales\/","name":"Avisos Legales - CEFC","isPartOf":{"@id":"https:\/\/centroferiascordoba.com\/#website"},"datePublished":"2022-10-13T11:52:57+00:00","dateModified":"2022-10-29T13:59:16+00:00","breadcrumb":{"@id":"https:\/\/centroferiascordoba.com\/avisos-legales\/#breadcrumb"},"inLanguage":"en-GB","potentialAction":[{"@type":"ReadAction","target":["https:\/\/centroferiascordoba.com\/avisos-legales\/"]}]},{"@type":"BreadcrumbList","@id":"https:\/\/centroferiascordoba.com\/avisos-legales\/#breadcrumb","itemListElement":[{"@type":"ListItem","position":1,"name":"Portada","item":"https:\/\/centroferiascordoba.com\/"},{"@type":"ListItem","position":2,"name":"Avisos Legales"}]},{"@type":"WebSite","@id":"https:\/\/centroferiascordoba.com\/#website","url":"https:\/\/centroferiascordoba.com\/","name":"CEFC","description":"Sitio Web Oficial Centro de Exposiciones, Ferias y Convenciones de C\u00f3rdoba","potentialAction":[{"@type":"SearchAction","target":{"@type":"EntryPoint","urlTemplate":"https:\/\/centroferiascordoba.com\/?s={search_term_string}"},"query-input":"required name=search_term_string"}],"inLanguage":"en-GB"}]}},"_links":{"self":[{"href":"https:\/\/centroferiascordoba.com\/en\/wp-json\/wp\/v2\/pages\/3","targetHints":{"allow":["GET"]}}],"collection":[{"href":"https:\/\/centroferiascordoba.com\/en\/wp-json\/wp\/v2\/pages"}],"about":[{"href":"https:\/\/centroferiascordoba.com\/en\/wp-json\/wp\/v2\/types\/page"}],"author":[{"embeddable":true,"href":"https:\/\/centroferiascordoba.com\/en\/wp-json\/wp\/v2\/users\/10"}],"replies":[{"embeddable":true,"href":"https:\/\/centroferiascordoba.com\/en\/wp-json\/wp\/v2\/comments?post=3"}],"version-history":[{"count":4,"href":"https:\/\/centroferiascordoba.com\/en\/wp-json\/wp\/v2\/pages\/3\/revisions"}],"predecessor-version":[{"id":3705,"href":"https:\/\/centroferiascordoba.com\/en\/wp-json\/wp\/v2\/pages\/3\/revisions\/3705"}],"wp:attachment":[{"href":"https:\/\/centroferiascordoba.com\/en\/wp-json\/wp\/v2\/media?parent=3"}],"curies":[{"name":"wp","href":"https:\/\/api.w.org\/{rel}","templated":true}]}}