{"id":3565,"date":"2022-10-26T05:36:07","date_gmt":"2022-10-26T05:36:07","guid":{"rendered":"https:\/\/centroferiascordoba.com\/?page_id=3565"},"modified":"2025-08-22T03:20:50","modified_gmt":"2025-08-22T03:20:50","slug":"como-llegar","status":"publish","type":"page","link":"https:\/\/centroferiascordoba.com\/en\/como-llegar\/","title":{"rendered":"HOW TO GET HERE"},"content":{"rendered":"<section class=\"wpb-content-wrapper\"><div class=\"vc_row-full-width-before\"><\/div><div id=\"vc_row-6a0731883a8e9\" data-vc-full-width=\"true\" data-vc-full-width-init=\"false\" data-vc-stretch-content=\"true\" class=\"vc_row wpb_row vc_row-fluid thegem-custom-6a0731883a8896537 vc_row-no-padding\"><script type=\"text\/javascript\">if (typeof(gem_fix_fullwidth_position) == \"function\") { gem_fix_fullwidth_position(document.getElementById(\"vc_row-6a0731883a8e9\")); }<\/script><div class=\"wpb_column vc_column_container vc_col-sm-12 thegem-custom-6a0731883ac936925\"><div class=\"vc_column-inner thegem-custom-inner-6a0731883ac95\"><div class=\"wpb_wrapper thegem-custom-6a0731883ac936925\"><div class=\"gem-map-with-text\"><div class=\"gem-map-with-text-content\" style=\"\"><\/div><div class=\"gem-map-with-text-map\">\r\n<div class=\"wpb_gmaps_widget wpb_content_element\">\r\n\t\t<div class=\"wpb_wrapper\">\r\n\t\t<div class=\"wpb_map_wraper\">\r\n\t\t\t<iframe src=\"https:\/\/www.google.com\/maps\/embed?pb=!1m18!1m12!1m3!1d3149.3628932839106!2d-4.8226000646100236!3d37.87519521494381!2m3!1f0!2f0!3f0!3m2!1i1024!2i768!4f13.1!3m3!1m2!1s0xd6d27ae2f0d43b9%3A0xd7bfe535ece66b81!2sCentro%20de%20Exposiciones%2C%20Ferias%20y%20Convenciones%20de%20C%C3%B3rdoba%20(CEFC)!5e0!3m2!1ses!2ses!4v1666762104232!5m2!1ses!2ses\" width=\"600\" height=\"646\" style=\"border:0;\" allowfullscreen=\"\" loading=\"lazy\" referrerpolicy=\"no-referrer-when-downgrade\"><\/iframe>\t\t<\/div>\r\n\t<\/div><\/div><\/div><\/div><\/div><\/div><\/div><\/div><div class=\"vc_row-full-width vc_clearfix\"><\/div><div class=\"vc_row-full-width-before\"><\/div><div id=\"vc_row-6a0731883b45e\" data-vc-full-width=\"true\" data-vc-full-width-init=\"false\" class=\"vc_row wpb_row vc_row-fluid vc_custom_1667056075442 thegem-custom-6a0731883b44e5599 vc_column-gap-25 vc_row-o-equal-height vc_row-flex\"><script type=\"text\/javascript\">if (typeof(gem_fix_fullwidth_position) == \"function\") { gem_fix_fullwidth_position(document.getElementById(\"vc_row-6a0731883b45e\")); }<\/script>\n<style>\n@media (max-width: 1199px){\n    #vc_row-6a0731883b45e.wpb_row > * {\n        margin-top: 0;\n    }\n}\n#vc_row-6a0731883b45e .gem-map-with-text-content {\n    padding: 0;\n}\n<\/style>\n<div class=\"wpb_column vc_column_container vc_col-sm-12 vc_col-md-6 thegem-custom-6a0731883b87f3177\"><div class=\"vc_column-inner thegem-custom-inner-6a0731883b881\"><div class=\"wpb_wrapper thegem-custom-6a0731883b87f3177\">\r\n\t\r\n\t<div  class=\"wpb_single_image wpb_content_element vc_align_left\" >\r\n\t\t\r\n\t\t<figure class=\"wpb_wrapper vc_figure\">\r\n\t\t\t<div class=\"vc_single_image-wrapper   vc_box_border_grey\"><img decoding=\"async\" width=\"1024\" height=\"17\" src=\"https:\/\/centroferiascordoba.com\/wp-content\/uploads\/2022\/10\/colores-1024x17.png\" class=\"vc_single_image-img attachment-large\" alt=\"\" title=\"colores\" srcset=\"https:\/\/centroferiascordoba.com\/wp-content\/uploads\/2022\/10\/colores-1024x17.png 1024w, https:\/\/centroferiascordoba.com\/wp-content\/uploads\/2022\/10\/colores-300x5.png 300w, https:\/\/centroferiascordoba.com\/wp-content\/uploads\/2022\/10\/colores-768x12.png 768w, https:\/\/centroferiascordoba.com\/wp-content\/uploads\/2022\/10\/colores-1536x25.png 1536w, https:\/\/centroferiascordoba.com\/wp-content\/uploads\/2022\/10\/colores-2048x33.png 2048w\" sizes=\"(max-width: 1024px) 100vw, 1024px\" \/><\/div>\r\n\t\t<\/figure>\r\n\t<\/div>\r\n\t\r\n\r\n\t\r\n\t\t<div class=\"wpb_text_column wpb_content_element  thegem-vc-text thegem-custom-6a0731883c2ce2954\"  >\r\n\t\t\t<div class=\"wpb_wrapper\">\r\n\t\t\t\t<div class=\"title-h1\"><span style=\"color: #000000;\">HOW TO GET HERE?<\/span><\/div>\n\r\n\t\t\t<\/div>\r\n\t\t\t<style>@media screen and (max-width: 1023px) {.thegem-vc-text.thegem-custom-6a0731883c2ce2954{display: block!important;}}@media screen and (max-width: 767px) {.thegem-vc-text.thegem-custom-6a0731883c2ce2954{display: block!important;}}@media screen and (max-width: 1023px) {.thegem-vc-text.thegem-custom-6a0731883c2ce2954{position: relative !important;}}@media screen and (max-width: 767px) {.thegem-vc-text.thegem-custom-6a0731883c2ce2954{position: relative !important;}}<\/style>\r\n\t\t<\/div>\r\n\t\r\n\r\n\t\r\n\t<div  class=\"wpb_single_image wpb_content_element vc_align_left\" >\r\n\t\t\r\n\t\t<figure class=\"wpb_wrapper vc_figure\">\r\n\t\t\t<div class=\"vc_single_image-wrapper   vc_box_border_grey\"><img decoding=\"async\" width=\"1024\" height=\"17\" src=\"https:\/\/centroferiascordoba.com\/wp-content\/uploads\/2022\/10\/colores-1024x17.png\" class=\"vc_single_image-img attachment-large\" alt=\"\" title=\"colores\" srcset=\"https:\/\/centroferiascordoba.com\/wp-content\/uploads\/2022\/10\/colores-1024x17.png 1024w, https:\/\/centroferiascordoba.com\/wp-content\/uploads\/2022\/10\/colores-300x5.png 300w, https:\/\/centroferiascordoba.com\/wp-content\/uploads\/2022\/10\/colores-768x12.png 768w, https:\/\/centroferiascordoba.com\/wp-content\/uploads\/2022\/10\/colores-1536x25.png 1536w, https:\/\/centroferiascordoba.com\/wp-content\/uploads\/2022\/10\/colores-2048x33.png 2048w\" sizes=\"(max-width: 1024px) 100vw, 1024px\" \/><\/div>\r\n\t\t<\/figure>\r\n\t<\/div>\r\n\t\r\n<\/div><\/div><\/div><div class=\"wpb_column vc_column_container vc_col-sm-12 vc_col-md-6 thegem-custom-6a0731883c8d84946 disable-custom-paggings-tablet disable-custom-paggings-mobile\"><div class=\"vc_column-inner thegem-custom-inner-6a0731883c8da\"><div class=\"wpb_wrapper thegem-custom-6a0731883c8d84946\"><div class=\"gem-icon-with-text gem-icon-with-text-icon-size-small disable-mobile-centered\" ><div style=\"margin-bottom:0px;padding-right: 20px;margin-top:0px; \" class=\"gem-icon-with-text-icon\"><div class=\"gem-icon gem-icon-pack-material gem-icon-size-small  gem-icon-shape-circle\"  style=\"border-color: #e2348b;opacity: 1;\"><div class=\"gem-icon-inner\" style=\"\"><span class=\"gem-icon-half-1\" style=\"color: #e2348b;\"><span class=\"back-angle\">&#xf5d1;<\/span><\/span><span class=\"gem-icon-half-2\" style=\"color: #e2348b;\"><span class=\"back-angle\">&#xf5d1;<\/span><\/span><\/div><\/div><\/div><div class=\"gem-icon-with-text-content\" ><div class=\"gem-icon-with-text-text\">\r\n\t\r\n\t\t<div class=\"wpb_text_column wpb_content_element  wpb_animate_when_almost_visible wpb_bottom-to-top bottom-to-top thegem-vc-text thegem-custom-6a0731883cbf62516\"  >\r\n\t\t\t<div class=\"wpb_wrapper\">\r\n\t\t\t\t<div class=\"title-h6\" style=\"margin-bottom: 5px;\"><span style=\"color: #000000;\">OUR ADDRESS:<\/span><\/div>\n<div><span style=\"color: #000000;\">C\u00f3rdoba Exhibition, Fair and Convention Center<br \/>\nAvenida de la F\u00e1brica, s\/n (Parque Joyero)<br \/>\n14005 C\u00f3rdoba<br \/>\ngestion@centroferiascordoba.com<\/span><\/div>\n\r\n\t\t\t<\/div>\r\n\t\t\t<style>@media screen and (max-width: 1023px) {.thegem-vc-text.thegem-custom-6a0731883cbf62516{display: block!important;}}@media screen and (max-width: 767px) {.thegem-vc-text.thegem-custom-6a0731883cbf62516{display: block!important;}}@media screen and (max-width: 1023px) {.thegem-vc-text.thegem-custom-6a0731883cbf62516{position: relative !important;}}@media screen and (max-width: 767px) {.thegem-vc-text.thegem-custom-6a0731883cbf62516{position: relative !important;}}<\/style>\r\n\t\t<\/div>\r\n\t\r\n<\/div><\/div><div class=\"clearboth\"><\/div><\/div><div class=\"clearboth\"><\/div><style>#thegem-divider-6a0731883ccab {margin-top: 40px !important;}<\/style><div id=\"thegem-divider-6a0731883ccab\" class=\"gem-divider\" style=\"\" ><\/div><div class=\"gem-icon-with-text gem-icon-with-text-icon-size-small disable-mobile-centered\" ><div style=\"margin-bottom:0px;padding-right: 20px;margin-top:0px; \" class=\"gem-icon-with-text-icon\"><div class=\"gem-icon gem-icon-pack-material gem-icon-size-small  gem-icon-shape-circle\"  style=\"border-color: #1e73be;opacity: 1;\"><div class=\"gem-icon-inner\" style=\"\"><span class=\"gem-icon-half-1\" style=\"color: #1e73be;\"><span class=\"back-angle\">&#xf116;<\/span><\/span><span class=\"gem-icon-half-2\" style=\"color: #1e73be;\"><span class=\"back-angle\">&#xf116;<\/span><\/span><\/div><\/div><\/div><div class=\"gem-icon-with-text-content\" ><div class=\"gem-icon-with-text-text\">\r\n\t\r\n\t\t<div class=\"wpb_text_column wpb_content_element  wpb_animate_when_almost_visible wpb_bottom-to-top bottom-to-top thegem-vc-text thegem-custom-6a0731883cea58822\"  >\r\n\t\t\t<div class=\"wpb_wrapper\">\r\n\t\t\t\t<div class=\"title-h6\" style=\"margin-bottom: 5px;\"><span style=\"color: #000000;\">ON PLANE:<\/span><\/div>\n<div><\/div>\n<div><span style=\"color: #000000;\">El aeropuerto de C\u00f3rdoba se encuentra a 4,8 kms por la N-437.<\/span><\/div>\n<div><span style=\"color: #000000;\">Seville airport is 130 km away on the A-4<br \/>\nMalaga airport is 166 km away on the A-45<\/span><\/div>\n\r\n\t\t\t<\/div>\r\n\t\t\t<style>@media screen and (max-width: 1023px) {.thegem-vc-text.thegem-custom-6a0731883cea58822{display: block!important;}}@media screen and (max-width: 767px) {.thegem-vc-text.thegem-custom-6a0731883cea58822{display: block!important;}}@media screen and (max-width: 1023px) {.thegem-vc-text.thegem-custom-6a0731883cea58822{position: relative !important;}}@media screen and (max-width: 767px) {.thegem-vc-text.thegem-custom-6a0731883cea58822{position: relative !important;}}<\/style>\r\n\t\t<\/div>\r\n\t\r\n<\/div><\/div><div class=\"clearboth\"><\/div><\/div><div class=\"clearboth\"><\/div><style>#thegem-divider-6a0731883cf25 {margin-top: 40px !important;}<\/style><div id=\"thegem-divider-6a0731883cf25\" class=\"gem-divider\" style=\"\" ><\/div><div class=\"gem-icon-with-text gem-icon-with-text-icon-size-small disable-mobile-centered\" ><div style=\"margin-bottom:0px;padding-right: 20px;margin-top:0px; \" class=\"gem-icon-with-text-icon\"><div class=\"gem-icon gem-icon-pack-material gem-icon-size-small  gem-icon-shape-circle\"  style=\"border-color: #e25f31;opacity: 1;\"><div class=\"gem-icon-inner\" style=\"\"><span class=\"gem-icon-half-1\" style=\"color: #e25f31;\"><span class=\"back-angle\">&#xf1e3;<\/span><\/span><span class=\"gem-icon-half-2\" style=\"color: #e25f31;\"><span class=\"back-angle\">&#xf1e3;<\/span><\/span><\/div><\/div><\/div><div class=\"gem-icon-with-text-content\" ><div class=\"gem-icon-with-text-text\">\r\n\t\r\n\t\t<div class=\"wpb_text_column wpb_content_element  wpb_animate_when_almost_visible wpb_bottom-to-top bottom-to-top thegem-vc-text thegem-custom-6a0731883d077661\"  >\r\n\t\t\t<div class=\"wpb_wrapper\">\r\n\t\t\t\t<div class=\"title-h6\" style=\"margin-bottom: 5px;\">ON CAR:<\/div>\n<div><span style=\"color: #000000;\">From the center of C\u00f3rdoba, via the A-4, Exit 404, A-3050 and N-437<br \/>\nFrom RENFE-Est. Buses via the A-431, Ctra. Palma del R\u00edo km 3.3<br \/>\nFrom RENFE-Est. Buses via A-3050 and N-437<\/span><\/div>\n\r\n\t\t\t<\/div>\r\n\t\t\t<style>@media screen and (max-width: 1023px) {.thegem-vc-text.thegem-custom-6a0731883d077661{display: block!important;}}@media screen and (max-width: 767px) {.thegem-vc-text.thegem-custom-6a0731883d077661{display: block!important;}}@media screen and (max-width: 1023px) {.thegem-vc-text.thegem-custom-6a0731883d077661{position: relative !important;}}@media screen and (max-width: 767px) {.thegem-vc-text.thegem-custom-6a0731883d077661{position: relative !important;}}<\/style>\r\n\t\t<\/div>\r\n\t\r\n<\/div><\/div><div class=\"clearboth\"><\/div><\/div><div class=\"clearboth\"><\/div><style>#thegem-divider-6a0731883d0e4 {margin-top: 40px !important;}<\/style><div id=\"thegem-divider-6a0731883d0e4\" class=\"gem-divider\" style=\"\" ><\/div><div class=\"gem-icon-with-text gem-icon-with-text-icon-size-small disable-mobile-centered\" ><div style=\"margin-bottom:0px;padding-right: 20px;margin-top:0px; \" class=\"gem-icon-with-text-icon\"><div class=\"gem-icon gem-icon-pack-material gem-icon-size-small  gem-icon-shape-circle\"  style=\"border-color: #942047;opacity: 1;\"><div class=\"gem-icon-inner\" style=\"\"><span class=\"gem-icon-half-1\" style=\"color: #942047;\"><span class=\"back-angle\">&#xf1c7;<\/span><\/span><span class=\"gem-icon-half-2\" style=\"color: #942047;\"><span class=\"back-angle\">&#xf1c7;<\/span><\/span><\/div><\/div><\/div><div class=\"gem-icon-with-text-content\" ><div class=\"gem-icon-with-text-text\">\r\n\t\r\n\t\t<div class=\"wpb_text_column wpb_content_element  wpb_animate_when_almost_visible wpb_bottom-to-top bottom-to-top thegem-vc-text thegem-custom-6a0731883d2491296\"  >\r\n\t\t\t<div class=\"wpb_wrapper\">\r\n\t\t\t\t<div class=\"title-h6\" style=\"margin-bottom: 5px;\"><span style=\"color: #000000;\">BY BUS<\/span><\/div>\n<div><span style=\"color: #000000;\">La l\u00ednea 8 de autobuses interurbanos de C\u00f3rdoba cuenta con una parada ubicada junto a la entrada principal del CEFC. Durante la celebraci\u00f3n de eventos, esta l\u00ednea realiza paradas en todos sus horarios, lo que facilita el acceso a los asistentes. Para obtener m\u00e1s informaci\u00f3n, puedes consultar el sitio web <a href=\"http:\/\/www.aucorsa.es\">www.aucorsa.es<\/a><\/span><\/div>\n\r\n\t\t\t<\/div>\r\n\t\t\t<style>@media screen and (max-width: 1023px) {.thegem-vc-text.thegem-custom-6a0731883d2491296{display: block!important;}}@media screen and (max-width: 767px) {.thegem-vc-text.thegem-custom-6a0731883d2491296{display: block!important;}}@media screen and (max-width: 1023px) {.thegem-vc-text.thegem-custom-6a0731883d2491296{position: relative !important;}}@media screen and (max-width: 767px) {.thegem-vc-text.thegem-custom-6a0731883d2491296{position: relative !important;}}<\/style>\r\n\t\t<\/div>\r\n\t\r\n<\/div><\/div><div class=\"clearboth\"><\/div><\/div><div class=\"clearboth\"><\/div><style>#thegem-divider-6a0731883d2d0 {margin-top: 40px !important;}<\/style><div id=\"thegem-divider-6a0731883d2d0\" class=\"gem-divider\" style=\"\" ><\/div><div class=\"gem-icon-with-text gem-icon-with-text-icon-size-small disable-mobile-centered\" ><div style=\"margin-bottom:0px;padding-right: 20px;margin-top:0px; \" class=\"gem-icon-with-text-icon\"><div class=\"gem-icon gem-icon-pack-material gem-icon-size-small  gem-icon-shape-circle\"  style=\"border-color: #425796;opacity: 1;\"><div class=\"gem-icon-inner\" style=\"\"><span class=\"gem-icon-half-1\" style=\"color: #425796;\"><span class=\"back-angle\">&#xf575;<\/span><\/span><span class=\"gem-icon-half-2\" style=\"color: #425796;\"><span class=\"back-angle\">&#xf575;<\/span><\/span><\/div><\/div><\/div><div class=\"gem-icon-with-text-content\" ><div class=\"gem-icon-with-text-text\">\r\n\t\r\n\t\t<div class=\"wpb_text_column wpb_content_element  wpb_animate_when_almost_visible wpb_bottom-to-top bottom-to-top thegem-vc-text thegem-custom-6a0731883d430228\"  >\r\n\t\t\t<div class=\"wpb_wrapper\">\r\n\t\t\t\t<div class=\"title-h6\" style=\"margin-bottom: 5px;\"><span style=\"color: #000000;\">ON TRAIN:<\/span><\/div>\n<div><span style=\"color: #000000;\">The RENFE station is 4.9 km away via the A-431 or the N-437<\/span><\/div>\n\r\n\t\t\t<\/div>\r\n\t\t\t<style>@media screen and (max-width: 1023px) {.thegem-vc-text.thegem-custom-6a0731883d430228{display: block!important;}}@media screen and (max-width: 767px) {.thegem-vc-text.thegem-custom-6a0731883d430228{display: block!important;}}@media screen and (max-width: 1023px) {.thegem-vc-text.thegem-custom-6a0731883d430228{position: relative !important;}}@media screen and (max-width: 767px) {.thegem-vc-text.thegem-custom-6a0731883d430228{position: relative !important;}}<\/style>\r\n\t\t<\/div>\r\n\t\r\n<\/div><\/div><div class=\"clearboth\"><\/div><\/div><div class=\"clearboth\"><\/div><style>#thegem-divider-6a0731883d4aa {margin-top: 80px !important;}<\/style><div id=\"thegem-divider-6a0731883d4aa\" class=\"gem-divider\" style=\"\" ><\/div><\/div><\/div><\/div><\/div><div class=\"vc_row-full-width vc_clearfix\"><\/div>\n<\/section>","protected":false},"excerpt":{"rendered":"","protected":false},"author":10,"featured_media":0,"parent":0,"menu_order":0,"comment_status":"closed","ping_status":"open","template":"","meta":{"footnotes":""},"class_list":["post-3565","page","type-page","status-publish"],"yoast_head":"<!-- This site is optimized with the Yoast SEO plugin v20.1 - https:\/\/yoast.com\/wordpress\/plugins\/seo\/ -->\n<title>C\u00d3MO LLEGAR - CEFC<\/title>\n<meta name=\"robots\" content=\"index, follow, max-snippet:-1, max-image-preview:large, max-video-preview:-1\" \/>\n<link rel=\"canonical\" href=\"https:\/\/centroferiascordoba.com\/en\/como-llegar\/\" \/>\n<meta property=\"og:locale\" content=\"en_GB\" \/>\n<meta property=\"og:type\" content=\"article\" \/>\n<meta property=\"og:title\" content=\"C\u00d3MO LLEGAR - CEFC\" \/>\n<meta property=\"og:url\" content=\"https:\/\/centroferiascordoba.com\/en\/como-llegar\/\" \/>\n<meta property=\"og:site_name\" content=\"CEFC\" \/>\n<meta property=\"article:modified_time\" content=\"2025-08-22T03:20:50+00:00\" \/>\n<meta name=\"twitter:card\" content=\"summary_large_image\" \/>\n<meta name=\"twitter:label1\" content=\"Estimated reading time\" \/>\n\t<meta name=\"twitter:data1\" content=\"2 minutes\" \/>\n<script type=\"application\/ld+json\" class=\"yoast-schema-graph\">{\"@context\":\"https:\/\/schema.org\",\"@graph\":[{\"@type\":\"WebPage\",\"@id\":\"https:\/\/centroferiascordoba.com\/como-llegar\/\",\"url\":\"https:\/\/centroferiascordoba.com\/como-llegar\/\",\"name\":\"C\u00d3MO LLEGAR - CEFC\",\"isPartOf\":{\"@id\":\"https:\/\/centroferiascordoba.com\/#website\"},\"datePublished\":\"2022-10-26T05:36:07+00:00\",\"dateModified\":\"2025-08-22T03:20:50+00:00\",\"breadcrumb\":{\"@id\":\"https:\/\/centroferiascordoba.com\/como-llegar\/#breadcrumb\"},\"inLanguage\":\"en-GB\",\"potentialAction\":[{\"@type\":\"ReadAction\",\"target\":[\"https:\/\/centroferiascordoba.com\/como-llegar\/\"]}]},{\"@type\":\"BreadcrumbList\",\"@id\":\"https:\/\/centroferiascordoba.com\/como-llegar\/#breadcrumb\",\"itemListElement\":[{\"@type\":\"ListItem\",\"position\":1,\"name\":\"Portada\",\"item\":\"https:\/\/centroferiascordoba.com\/\"},{\"@type\":\"ListItem\",\"position\":2,\"name\":\"C\u00d3MO LLEGAR\"}]},{\"@type\":\"WebSite\",\"@id\":\"https:\/\/centroferiascordoba.com\/#website\",\"url\":\"https:\/\/centroferiascordoba.com\/\",\"name\":\"CEFC\",\"description\":\"Sitio Web Oficial Centro de Exposiciones, Ferias y Convenciones de C\u00f3rdoba\",\"potentialAction\":[{\"@type\":\"SearchAction\",\"target\":{\"@type\":\"EntryPoint\",\"urlTemplate\":\"https:\/\/centroferiascordoba.com\/?s={search_term_string}\"},\"query-input\":\"required name=search_term_string\"}],\"inLanguage\":\"en-GB\"}]}<\/script>\n<!-- \/ Yoast SEO plugin. -->","yoast_head_json":{"title":"C\u00d3MO LLEGAR - CEFC","robots":{"index":"index","follow":"follow","max-snippet":"max-snippet:-1","max-image-preview":"max-image-preview:large","max-video-preview":"max-video-preview:-1"},"canonical":"https:\/\/centroferiascordoba.com\/en\/como-llegar\/","og_locale":"en_GB","og_type":"article","og_title":"C\u00d3MO LLEGAR - CEFC","og_url":"https:\/\/centroferiascordoba.com\/en\/como-llegar\/","og_site_name":"CEFC","article_modified_time":"2025-08-22T03:20:50+00:00","twitter_card":"summary_large_image","twitter_misc":{"Estimated reading time":"2 minutes"},"schema":{"@context":"https:\/\/schema.org","@graph":[{"@type":"WebPage","@id":"https:\/\/centroferiascordoba.com\/como-llegar\/","url":"https:\/\/centroferiascordoba.com\/como-llegar\/","name":"C\u00d3MO LLEGAR - CEFC","isPartOf":{"@id":"https:\/\/centroferiascordoba.com\/#website"},"datePublished":"2022-10-26T05:36:07+00:00","dateModified":"2025-08-22T03:20:50+00:00","breadcrumb":{"@id":"https:\/\/centroferiascordoba.com\/como-llegar\/#breadcrumb"},"inLanguage":"en-GB","potentialAction":[{"@type":"ReadAction","target":["https:\/\/centroferiascordoba.com\/como-llegar\/"]}]},{"@type":"BreadcrumbList","@id":"https:\/\/centroferiascordoba.com\/como-llegar\/#breadcrumb","itemListElement":[{"@type":"ListItem","position":1,"name":"Portada","item":"https:\/\/centroferiascordoba.com\/"},{"@type":"ListItem","position":2,"name":"C\u00d3MO LLEGAR"}]},{"@type":"WebSite","@id":"https:\/\/centroferiascordoba.com\/#website","url":"https:\/\/centroferiascordoba.com\/","name":"CEFC","description":"Sitio Web Oficial Centro de Exposiciones, Ferias y Convenciones de C\u00f3rdoba","potentialAction":[{"@type":"SearchAction","target":{"@type":"EntryPoint","urlTemplate":"https:\/\/centroferiascordoba.com\/?s={search_term_string}"},"query-input":"required name=search_term_string"}],"inLanguage":"en-GB"}]}},"_links":{"self":[{"href":"https:\/\/centroferiascordoba.com\/en\/wp-json\/wp\/v2\/pages\/3565","targetHints":{"allow":["GET"]}}],"collection":[{"href":"https:\/\/centroferiascordoba.com\/en\/wp-json\/wp\/v2\/pages"}],"about":[{"href":"https:\/\/centroferiascordoba.com\/en\/wp-json\/wp\/v2\/types\/page"}],"author":[{"embeddable":true,"href":"https:\/\/centroferiascordoba.com\/en\/wp-json\/wp\/v2\/users\/10"}],"replies":[{"embeddable":true,"href":"https:\/\/centroferiascordoba.com\/en\/wp-json\/wp\/v2\/comments?post=3565"}],"version-history":[{"count":22,"href":"https:\/\/centroferiascordoba.com\/en\/wp-json\/wp\/v2\/pages\/3565\/revisions"}],"predecessor-version":[{"id":5821,"href":"https:\/\/centroferiascordoba.com\/en\/wp-json\/wp\/v2\/pages\/3565\/revisions\/5821"}],"wp:attachment":[{"href":"https:\/\/centroferiascordoba.com\/en\/wp-json\/wp\/v2\/media?parent=3565"}],"curies":[{"name":"wp","href":"https:\/\/api.w.org\/{rel}","templated":true}]}}