{"id":3580,"date":"2022-10-26T07:36:07","date_gmt":"2022-10-26T07:36:07","guid":{"rendered":"https:\/\/centroferiascordoba.com\/?page_id=3580"},"modified":"2022-10-29T16:10:01","modified_gmt":"2022-10-29T16:10:01","slug":"cordoba-ciudad-de-congresos","status":"publish","type":"page","link":"https:\/\/centroferiascordoba.com\/en\/cordoba-ciudad-de-congresos\/","title":{"rendered":"C\u00f3rdoba, City of Congresses"},"content":{"rendered":"<section class=\"wpb-content-wrapper\"><div class=\"vc_row-full-width-before\"><\/div><div id=\"vc_row-6a07329523365\" data-vc-full-width=\"true\" data-vc-full-width-init=\"false\" class=\"vc_row wpb_row vc_row-fluid vc_custom_1666771108548 thegem-custom-6a073295233214341 vc_row-has-fill\"><script type=\"text\/javascript\">if (typeof(gem_fix_fullwidth_position) == \"function\") { gem_fix_fullwidth_position(document.getElementById(\"vc_row-6a07329523365\")); }<\/script><div class=\"wpb_column vc_column_container vc_col-sm-12 vc_col-lg-6 vc_col-md-6 vc_col-xs-12 thegem-custom-6a0732952377f1232\"><div class=\"vc_column-inner thegem-custom-inner-6a07329523781\"><div class=\"wpb_wrapper thegem-custom-6a0732952377f1232\">\r\n\t\r\n\t\t<div class=\"wpb_text_column wpb_content_element  vc_custom_1666769890889 thegem-vc-text thegem-custom-6a07329523acb965\"  >\r\n\t\t\t<div class=\"wpb_wrapper\">\r\n\t\t\t\t<div class=\"title-h3\"><span class=\"light\" style=\"color: #000000;\">WELCOME YOU TO<\/span><\/div>\n\r\n\t\t\t<\/div>\r\n\t\t\t<style>@media screen and (max-width: 1023px) {.thegem-vc-text.thegem-custom-6a07329523acb965{display: block!important;}}@media screen and (max-width: 767px) {.thegem-vc-text.thegem-custom-6a07329523acb965{display: block!important;}}@media screen and (max-width: 1023px) {.thegem-vc-text.thegem-custom-6a07329523acb965{position: relative !important;}}@media screen and (max-width: 767px) {.thegem-vc-text.thegem-custom-6a07329523acb965{position: relative !important;}}<\/style>\r\n\t\t<\/div>\r\n\t\r\n\r\n\t\r\n\t\t<div class=\"wpb_text_column wpb_content_element  vc_custom_1666769884489 thegem-vc-text thegem-custom-6a07329523c3c9523\"  >\r\n\t\t\t<div class=\"wpb_wrapper\">\r\n\t\t\t\t<div class=\"title-h1\"><span style=\"color: #000000;\">CORDOBA<\/span><\/div>\n\r\n\t\t\t<\/div>\r\n\t\t\t<style>@media screen and (max-width: 1023px) {.thegem-vc-text.thegem-custom-6a07329523c3c9523{display: block!important;}}@media screen and (max-width: 767px) {.thegem-vc-text.thegem-custom-6a07329523c3c9523{display: block!important;}}@media screen and (max-width: 1023px) {.thegem-vc-text.thegem-custom-6a07329523c3c9523{position: relative !important;}}@media screen and (max-width: 767px) {.thegem-vc-text.thegem-custom-6a07329523c3c9523{position: relative !important;}}<\/style>\r\n\t\t<\/div>\r\n\t\r\n<div class=\"clearboth\"><\/div><style>#thegem-divider-6a07329523cb0 {margin-top: 30px !important;}<\/style><div id=\"thegem-divider-6a07329523cb0\" class=\"gem-divider\" style=\"\" ><\/div>\r\n\t\r\n\t\t<div class=\"wpb_text_column wpb_content_element  thegem-vc-text thegem-custom-6a07329523d718439\"  >\r\n\t\t\t<div class=\"wpb_wrapper\">\r\n\t\t\t\t<p><span style=\"color: #000000;\">C\u00f3rdoba has a unique infrastructure due to its capacity and versatility to host all types of events, such as the Exhibition Center, Fairs and Conventions.<\/span><\/p>\n<p><span style=\"color: #000000;\">C\u00f3rdoba has all the elements to successfully host any MICE event and to position itself as a meeting point and a national and international reference in the world of congresses.<\/span><\/p>\n\r\n\t\t\t<\/div>\r\n\t\t\t<style>@media screen and (max-width: 1023px) {.thegem-vc-text.thegem-custom-6a07329523d718439{display: block!important;}}@media screen and (max-width: 767px) {.thegem-vc-text.thegem-custom-6a07329523d718439{display: block!important;}}@media screen and (max-width: 1023px) {.thegem-vc-text.thegem-custom-6a07329523d718439{position: relative !important;}}@media screen and (max-width: 767px) {.thegem-vc-text.thegem-custom-6a07329523d718439{position: relative !important;}}<\/style>\r\n\t\t<\/div>\r\n\t\r\n<div class=\"clearboth\"><\/div><style>#thegem-divider-6a07329523dd6 {margin-top: 30px !important;}<\/style><div id=\"thegem-divider-6a07329523dd6\" class=\"gem-divider\" style=\"\" ><\/div><div class=\"vc_row wpb_row vc_inner vc_row-fluid thegem-custom-6a073295240527987 custom-inner-column-6a07329524059\"><div class=\"wpb_column vc_column_container vc_col-sm-6 thegem-custom-6a073295242e73731\"><div class=\"vc_column-inner thegem-custom-inner-6a073295242e8\"><div class=\"wpb_wrapper thegem-custom-6a073295242e73731\"><div class=\"gem-list gem-list-type-square\" ><ul>\n<li><strong><a href=\"https:\/\/www.turismodecordoba.org\/repositorio\/2019\/20190213142838000000.pdf\" target=\"_blank\" rel=\"noopener\"><span style=\"color: #000000;\">C\u00f3rdoba Congress and Events Manual (2020 edition)<\/span><\/a><\/strong><\/li>\n<\/ul>\n<\/div><\/div><\/div><\/div><div class=\"wpb_column vc_column_container vc_col-sm-6 thegem-custom-6a073295245bd7940\"><div class=\"vc_column-inner thegem-custom-inner-6a073295245bf\"><div class=\"wpb_wrapper thegem-custom-6a073295245bd7940\"><div class=\"gem-list gem-list-type-square\" ><ul>\n<li><span style=\"color: #000000;\"><a style=\"color: #000000;\" href=\"https:\/\/www.turismodecordoba.org\/servicio-de-apoyo-a-congresos\" target=\"_blank\" rel=\"noopener\"><strong>Conference support service<\/strong><\/a><\/span><\/li>\n<\/ul>\n<\/div><\/div><\/div><\/div><\/div><div class=\"clearboth\"><\/div><style>#thegem-divider-6a07329524689 {margin-top: 30px !important;}<\/style><div id=\"thegem-divider-6a07329524689\" class=\"gem-divider\" style=\"\" ><\/div><\/div><\/div><\/div><div class=\"wpb_column vc_column_container vc_col-sm-12 vc_col-lg-6 vc_col-md-6 vc_col-xs-12 thegem-custom-6a073295248dd3114 disable-custom-paggings-tablet disable-custom-paggings-mobile\"><div class=\"vc_column-inner thegem-custom-inner-6a073295248df vc_custom_1540472881684\"><div class=\"wpb_wrapper thegem-custom-6a073295248dd3114\"><div class=\"centered-box gem-image-centered-box\"><div class=\"gem-image gem-wrapbox gem-wrapbox-style-default gem-wrapbox-position-centered\"  style=\"\"><div class=\"gem-wrapbox-inner\" ><img decoding=\"async\" class=\"gem-wrapbox-element img-responsive\" src=\"https:\/\/centroferiascordoba.com\/wp-content\/uploads\/2022\/10\/ave.jpg\" alt=\"\"\/><\/div><\/div><\/div><\/div><\/div><\/div><div class=\"wpb_column vc_column_container vc_col-sm-12 thegem-custom-6a07329524e373983\"><div class=\"vc_column-inner thegem-custom-inner-6a07329524e38 vc_custom_1578656655697\"><div class=\"wpb_wrapper thegem-custom-6a07329524e373983\">\r\n\t\r\n\t<div  class=\"wpb_single_image wpb_content_element vc_align_center\" >\r\n\t\t\r\n\t\t<figure class=\"wpb_wrapper vc_figure\">\r\n\t\t\t<div class=\"vc_single_image-wrapper   vc_box_border_grey\"><img fetchpriority=\"high\" decoding=\"async\" width=\"5393\" height=\"87\" src=\"https:\/\/centroferiascordoba.com\/wp-content\/uploads\/2022\/10\/colores.png\" class=\"vc_single_image-img attachment-full\" alt=\"\" title=\"colores\" srcset=\"https:\/\/centroferiascordoba.com\/wp-content\/uploads\/2022\/10\/colores.png 5393w, https:\/\/centroferiascordoba.com\/wp-content\/uploads\/2022\/10\/colores-300x5.png 300w, https:\/\/centroferiascordoba.com\/wp-content\/uploads\/2022\/10\/colores-1024x17.png 1024w, https:\/\/centroferiascordoba.com\/wp-content\/uploads\/2022\/10\/colores-768x12.png 768w, https:\/\/centroferiascordoba.com\/wp-content\/uploads\/2022\/10\/colores-1536x25.png 1536w, https:\/\/centroferiascordoba.com\/wp-content\/uploads\/2022\/10\/colores-2048x33.png 2048w\" sizes=\"(max-width: 5393px) 100vw, 5393px\" \/><\/div>\r\n\t\t<\/figure>\r\n\t<\/div>\r\n\t\r\n\r\n\t\r\n\t\t<div class=\"wpb_text_column wpb_content_element  vc_custom_1667059798798 thegem-vc-text thegem-custom-6a073295256585309\"  >\r\n\t\t\t<div class=\"wpb_wrapper\">\r\n\t\t\t\t<p><strong><span style=\"color: #000000;\">LOCALITATION<\/span><\/strong><\/p>\n<p><span style=\"color: #000000;\">The province of C\u00f3rdoba is located in the geographical centre of Andalusia (latitude 37 50\u201944\u201d and longitude 04 50\u201923\u201d), in the south of the Iberian Peninsula and 400 kilometres from Madrid. The city is situated on the banks of the Guadalquivir, a key element in its development. The river crosses the territory from east to west and divides it into two almost symmetrical regions: Sierra Morena, to the north, and the Campi\u00f1a and the Penib\u00e9tica area, to the south. This location makes the capital of C\u00f3rdoba, which has 325,916 inhabitants, stand out for its good climate throughout the year.<\/span><\/p>\n<p><strong><span style=\"color: #000000;\">TRANSPORT AND COMMUNICATIONS<\/span><\/strong><\/p>\n<p><span style=\"color: #000000;\">C\u00f3rdoba is connected by AVE (high-speed train) to the main Spanish cities: Seville, Malaga, Granada, Ciudad Real, Madrid, Zaragoza, Barcelona and Valencia. By road, C\u00f3rdoba is the main node of the Spanish highway system that links Madrid with Andalusia via the A-4 (Madrid-C\u00e1diz), and the National Highway that links Badajoz with Granada, that is, the southeast with the southwest of the Iberian Peninsula. The connection with Malaga and the Costa del Sol is via the A-45. And it is located just over an hour from the main international airports in Andalusia (Seville and Malaga).<\/span><\/p>\n<p><strong><span style=\"color: #000000;\">CULTURE AND HERITAGE<\/span><\/strong><\/p>\n<p><span style=\"color: #000000;\">C\u00f3rdoba is the perfect destination for its history, tradition and the immense value of its historical and cultural legacy, backed by four UNESCO World Heritage Sites. The Mosque-Cathedral, the Old Town and the Jewish Quarter, the Festival of the Patios, the Caliphal City of Medinat Al-Zahara and an extensive programme of leisure activities make this city a unique destination.<\/span><\/p>\n<p><strong><span style=\"color: #000000;\">ACCOMMODATION<\/span><\/strong><\/p>\n<p><span style=\"color: #000000;\">C\u00f3rdoba has 73 open hotels of all categories \u2013 from five stars to guest houses \u2013 offering 6,856 accommodation places, and has several projects underway to increase the number of hotels and rooms. The size of the city makes it easy to get from these hotels to the C\u00f3rdoba Exhibition, Fair and Convention Centre, and also to the main monuments and attractions of the city.<\/span><\/p>\n<p><strong><span style=\"color: #000000;\">ACCESIBILITY<\/span><\/strong><\/p>\n<p><span style=\"color: #000000;\">C\u00f3rdoba is incorporating important improvements in terms of urban and architectural accessibility and is becoming one of the most inclusive tourist destinations in Spain, both for people with reduced mobility and for neurodiverse people, with vision or hearing problems. In the last year, architectural barriers have been removed, audio-described and typhrological resources have been introduced in spaces such as the Julio Romero de Torres Museum, and Navilens codes have been translated into 34 languages \u200b\u200bat taxi and city bus stops.<\/span><\/p>\n\r\n\t\t\t<\/div>\r\n\t\t\t<style>@media screen and (max-width: 1023px) {.thegem-vc-text.thegem-custom-6a073295256585309{display: block!important;}}@media screen and (max-width: 767px) {.thegem-vc-text.thegem-custom-6a073295256585309{display: block!important;}}@media screen and (max-width: 1023px) {.thegem-vc-text.thegem-custom-6a073295256585309{position: relative !important;}}@media screen and (max-width: 767px) {.thegem-vc-text.thegem-custom-6a073295256585309{position: relative !important;}}<\/style>\r\n\t\t<\/div>\r\n\t\r\n<div class=\"clearboth\"><\/div><style>#thegem-divider-6a0732952570d {margin-top: 60px !important;}<\/style><div id=\"thegem-divider-6a0732952570d\" class=\"gem-divider\" style=\"\" ><\/div><\/div><\/div><\/div><\/div><div class=\"vc_row-full-width vc_clearfix\"><\/div>\n<\/section>","protected":false},"excerpt":{"rendered":"","protected":false},"author":10,"featured_media":0,"parent":0,"menu_order":0,"comment_status":"closed","ping_status":"open","template":"","meta":{"footnotes":""},"class_list":["post-3580","page","type-page","status-publish"],"yoast_head":"<!-- This site is optimized with the Yoast SEO plugin v20.1 - https:\/\/yoast.com\/wordpress\/plugins\/seo\/ -->\n<title>C\u00f3rdoba ciudad de congresos - CEFC<\/title>\n<meta name=\"robots\" content=\"index, follow, max-snippet:-1, max-image-preview:large, max-video-preview:-1\" \/>\n<link rel=\"canonical\" href=\"https:\/\/centroferiascordoba.com\/en\/cordoba-ciudad-de-congresos\/\" \/>\n<meta property=\"og:locale\" content=\"en_GB\" \/>\n<meta property=\"og:type\" content=\"article\" \/>\n<meta property=\"og:title\" content=\"C\u00f3rdoba ciudad de congresos - CEFC\" \/>\n<meta property=\"og:url\" content=\"https:\/\/centroferiascordoba.com\/en\/cordoba-ciudad-de-congresos\/\" \/>\n<meta property=\"og:site_name\" content=\"CEFC\" \/>\n<meta property=\"article:modified_time\" content=\"2022-10-29T16:10:01+00:00\" \/>\n<meta name=\"twitter:card\" content=\"summary_large_image\" \/>\n<meta name=\"twitter:label1\" content=\"Estimated reading time\" \/>\n\t<meta name=\"twitter:data1\" content=\"3 minutes\" \/>\n<script type=\"application\/ld+json\" class=\"yoast-schema-graph\">{\"@context\":\"https:\/\/schema.org\",\"@graph\":[{\"@type\":\"WebPage\",\"@id\":\"https:\/\/centroferiascordoba.com\/cordoba-ciudad-de-congresos\/\",\"url\":\"https:\/\/centroferiascordoba.com\/cordoba-ciudad-de-congresos\/\",\"name\":\"C\u00f3rdoba ciudad de congresos - CEFC\",\"isPartOf\":{\"@id\":\"https:\/\/centroferiascordoba.com\/#website\"},\"datePublished\":\"2022-10-26T07:36:07+00:00\",\"dateModified\":\"2022-10-29T16:10:01+00:00\",\"breadcrumb\":{\"@id\":\"https:\/\/centroferiascordoba.com\/cordoba-ciudad-de-congresos\/#breadcrumb\"},\"inLanguage\":\"en-GB\",\"potentialAction\":[{\"@type\":\"ReadAction\",\"target\":[\"https:\/\/centroferiascordoba.com\/cordoba-ciudad-de-congresos\/\"]}]},{\"@type\":\"BreadcrumbList\",\"@id\":\"https:\/\/centroferiascordoba.com\/cordoba-ciudad-de-congresos\/#breadcrumb\",\"itemListElement\":[{\"@type\":\"ListItem\",\"position\":1,\"name\":\"Portada\",\"item\":\"https:\/\/centroferiascordoba.com\/\"},{\"@type\":\"ListItem\",\"position\":2,\"name\":\"C\u00f3rdoba ciudad de congresos\"}]},{\"@type\":\"WebSite\",\"@id\":\"https:\/\/centroferiascordoba.com\/#website\",\"url\":\"https:\/\/centroferiascordoba.com\/\",\"name\":\"CEFC\",\"description\":\"Sitio Web Oficial Centro de Exposiciones, Ferias y Convenciones de C\u00f3rdoba\",\"potentialAction\":[{\"@type\":\"SearchAction\",\"target\":{\"@type\":\"EntryPoint\",\"urlTemplate\":\"https:\/\/centroferiascordoba.com\/?s={search_term_string}\"},\"query-input\":\"required name=search_term_string\"}],\"inLanguage\":\"en-GB\"}]}<\/script>\n<!-- \/ Yoast SEO plugin. -->","yoast_head_json":{"title":"C\u00f3rdoba ciudad de congresos - CEFC","robots":{"index":"index","follow":"follow","max-snippet":"max-snippet:-1","max-image-preview":"max-image-preview:large","max-video-preview":"max-video-preview:-1"},"canonical":"https:\/\/centroferiascordoba.com\/en\/cordoba-ciudad-de-congresos\/","og_locale":"en_GB","og_type":"article","og_title":"C\u00f3rdoba ciudad de congresos - CEFC","og_url":"https:\/\/centroferiascordoba.com\/en\/cordoba-ciudad-de-congresos\/","og_site_name":"CEFC","article_modified_time":"2022-10-29T16:10:01+00:00","twitter_card":"summary_large_image","twitter_misc":{"Estimated reading time":"3 minutes"},"schema":{"@context":"https:\/\/schema.org","@graph":[{"@type":"WebPage","@id":"https:\/\/centroferiascordoba.com\/cordoba-ciudad-de-congresos\/","url":"https:\/\/centroferiascordoba.com\/cordoba-ciudad-de-congresos\/","name":"C\u00f3rdoba ciudad de congresos - CEFC","isPartOf":{"@id":"https:\/\/centroferiascordoba.com\/#website"},"datePublished":"2022-10-26T07:36:07+00:00","dateModified":"2022-10-29T16:10:01+00:00","breadcrumb":{"@id":"https:\/\/centroferiascordoba.com\/cordoba-ciudad-de-congresos\/#breadcrumb"},"inLanguage":"en-GB","potentialAction":[{"@type":"ReadAction","target":["https:\/\/centroferiascordoba.com\/cordoba-ciudad-de-congresos\/"]}]},{"@type":"BreadcrumbList","@id":"https:\/\/centroferiascordoba.com\/cordoba-ciudad-de-congresos\/#breadcrumb","itemListElement":[{"@type":"ListItem","position":1,"name":"Portada","item":"https:\/\/centroferiascordoba.com\/"},{"@type":"ListItem","position":2,"name":"C\u00f3rdoba ciudad de congresos"}]},{"@type":"WebSite","@id":"https:\/\/centroferiascordoba.com\/#website","url":"https:\/\/centroferiascordoba.com\/","name":"CEFC","description":"Sitio Web Oficial Centro de Exposiciones, Ferias y Convenciones de C\u00f3rdoba","potentialAction":[{"@type":"SearchAction","target":{"@type":"EntryPoint","urlTemplate":"https:\/\/centroferiascordoba.com\/?s={search_term_string}"},"query-input":"required name=search_term_string"}],"inLanguage":"en-GB"}]}},"_links":{"self":[{"href":"https:\/\/centroferiascordoba.com\/en\/wp-json\/wp\/v2\/pages\/3580","targetHints":{"allow":["GET"]}}],"collection":[{"href":"https:\/\/centroferiascordoba.com\/en\/wp-json\/wp\/v2\/pages"}],"about":[{"href":"https:\/\/centroferiascordoba.com\/en\/wp-json\/wp\/v2\/types\/page"}],"author":[{"embeddable":true,"href":"https:\/\/centroferiascordoba.com\/en\/wp-json\/wp\/v2\/users\/10"}],"replies":[{"embeddable":true,"href":"https:\/\/centroferiascordoba.com\/en\/wp-json\/wp\/v2\/comments?post=3580"}],"version-history":[{"count":10,"href":"https:\/\/centroferiascordoba.com\/en\/wp-json\/wp\/v2\/pages\/3580\/revisions"}],"predecessor-version":[{"id":3727,"href":"https:\/\/centroferiascordoba.com\/en\/wp-json\/wp\/v2\/pages\/3580\/revisions\/3727"}],"wp:attachment":[{"href":"https:\/\/centroferiascordoba.com\/en\/wp-json\/wp\/v2\/media?parent=3580"}],"curies":[{"name":"wp","href":"https:\/\/api.w.org\/{rel}","templated":true}]}}