{"id":3706,"date":"2022-10-29T14:01:59","date_gmt":"2022-10-29T14:01:59","guid":{"rendered":"https:\/\/centroferiascordoba.com\/?page_id=3706"},"modified":"2022-10-29T14:02:07","modified_gmt":"2022-10-29T14:02:07","slug":"politica-de-privacidad","status":"publish","type":"page","link":"https:\/\/centroferiascordoba.com\/en\/politica-de-privacidad\/","title":{"rendered":"Politica de Privacidad"},"content":{"rendered":"<p><span style=\"color: #000000;\"><strong>Protecci\u00f3n de Datos<\/strong><br \/>\n<\/span><\/p>\n<p><span style=\"color: #000000;\">A trav\u00e9s de este sitio web no se recaban datos de car\u00e1cter personal de los usuarios sin su conocimiento.<br \/>\nEl portal del que es titular el Ayuntamiento de C\u00f3rdoba contiene enlaces a sitios web de terceros, cuyas pol\u00edticas de privacidad son ajenas a la del Ayuntamiento de C\u00f3rdoba. Al acceder a tales sitios web usted puede decidir si acepta sus pol\u00edticas de privacidad y de cookies. Con car\u00e1cter general, si navega por internet usted puede aceptar o rechazar las cookies de terceros desde las opciones de configuraci\u00f3n de su navegador.<\/span><\/p>\n<p><strong><span style=\"color: #000000;\">Informaci\u00f3n b\u00e1sica sobre protecci\u00f3n de datos<\/span><\/strong><\/p>\n<p><span style=\"color: #000000;\">A continuaci\u00f3n, le informamos sobre la pol\u00edtica de protecci\u00f3n de datos del Ayuntamiento de C\u00f3rdoba.<\/span><\/p>\n<p><strong><span style=\"color: #000000;\">Responsable del tratamiento<\/span><\/strong><\/p>\n<p><span style=\"color: #000000;\">Los datos de car\u00e1cter personal que se pudieran recabar en este Portal directamente del interesado ser\u00e1n tratados de forma confidencial y quedar\u00e1n incorporados a la correspondiente actividad de tratamiento titularidad del Ayuntamiento de C\u00f3rdoba, con domicilio en Calle Capitulares, 1; DP.: 14071 de C\u00f3rdoba, tel\u00e9fono 957 499 900. La direcci\u00f3n de correo electr\u00f3nico de nuestro Delegado de Protecci\u00f3n de Datos:\u00a0delegadodeprotecciondedatos@cordoba.es.<\/span><\/p>\n<p><strong><span style=\"color: #000000;\">Finalidad<\/span><\/strong><\/p>\n<p><span style=\"color: #000000;\">La finalidad del tratamiento de los datos corresponde a cada una de las actividades de tratamiento que realiza el Ayuntamiento de C\u00f3rdoba, de conformidad con la regulaci\u00f3n establecida por el Reglamento (UE) 2016\/679 del Parlamento Europeo y del Consejo sobre protecci\u00f3n de datos de car\u00e1cter personal y dem\u00e1s disposiciones de aplicaci\u00f3n.<\/span><\/p>\n<p><strong><span style=\"color: #000000;\">Base jur\u00eddica del tratamiento<\/span><\/strong><\/p>\n<p><span style=\"color: #000000;\">El tratamiento de sus datos se puede llevar a cabo para el cumplimiento de obligaciones legales, el ejercicio de servicios p\u00fablicos municipales, de una misi\u00f3n realizada en inter\u00e9s p\u00fablico, por la protecci\u00f3n de intereses vitales, la ejecuci\u00f3n de un contrato o la atenci\u00f3n a sus consultas y necesidades en el \u00e1mbito de las competencias por parte del Ayuntamiento de C\u00f3rdoba, as\u00ed como cuando la finalidad del tratamiento requiera su consentimiento, que habr\u00e1 de ser prestado mediante una clara acci\u00f3n afirmativa.<\/span><\/p>\n<p><strong><span style=\"color: #000000;\">Destinatarios de los datos<\/span><\/strong><\/p>\n<p><span style=\"color: #000000;\">Los datos de car\u00e1cter personal recabados s\u00f3lo ser\u00e1n objeto de cesi\u00f3n a terceros, en su caso, previo su consentimiento o por obligaci\u00f3n legal prevista en cada normativa aplicable.<\/span><\/p>\n<p><strong><span style=\"color: #000000;\">Conservaci\u00f3n de datos<\/span><\/strong><\/p>\n<p><span style=\"color: #000000;\">Los datos personales proporcionados se conservar\u00e1n durante el tiempo necesario para cumplir con la finalidad para la que se recaban y para determinar las posibles responsabilidades que se pudieran derivar de la finalidad, adem\u00e1s de los per\u00edodos establecidos en la normativa de archivos y documentaci\u00f3n.<\/span><\/p>\n<p><strong><span style=\"color: #000000;\">Derechos de los interesados<\/span><\/strong><\/p>\n<p><span style=\"color: #000000;\">Cualquier persona tiene derecho a obtener confirmaci\u00f3n sobre los tratamientos que de sus datos se llevan a cabo por el Ayuntamiento de C\u00f3rdoba.<\/span><\/p>\n<p><span style=\"color: #000000;\">Puede ejercer sus derechos de acceso, rectificaci\u00f3n, supresi\u00f3n y portabilidad de sus datos, de limitaci\u00f3n y oposici\u00f3n a su tratamiento, as\u00ed como a no ser objeto de decisiones basadas \u00fanicamente en el tratamiento automatizado de sus datos, cuando procedan, ante el Ayuntamiento de C\u00f3rdoba, C\/ Capitulares, 1; DP.: 14071- C\u00f3rdoba o en la direcci\u00f3n de correo electr\u00f3nico\u00a0delegadodeprotecciondedatos@cordoba.es.<\/span><\/p>\n<p><span style=\"color: #000000;\">Asimismo, usted podr\u00e1 en todo momento presentar queja o reclamaci\u00f3n para el ejercicio de sus derechos ante la autoridad de control.<\/span><\/p>","protected":false},"excerpt":{"rendered":"<p>Protecci\u00f3n de Datos A trav\u00e9s de este sitio web no se recaban datos de car\u00e1cter personal de los usuarios sin&#8230;<\/p>","protected":false},"author":10,"featured_media":0,"parent":0,"menu_order":0,"comment_status":"closed","ping_status":"open","template":"","meta":{"footnotes":""},"class_list":["post-3706","page","type-page","status-publish"],"yoast_head":"<!-- This site is optimized with the Yoast SEO plugin v20.1 - https:\/\/yoast.com\/wordpress\/plugins\/seo\/ -->\n<title>Politica de Privacidad - CEFC<\/title>\n<meta name=\"robots\" content=\"index, follow, max-snippet:-1, max-image-preview:large, max-video-preview:-1\" \/>\n<link rel=\"canonical\" href=\"https:\/\/centroferiascordoba.com\/en\/politica-de-privacidad\/\" \/>\n<meta property=\"og:locale\" content=\"en_GB\" \/>\n<meta property=\"og:type\" content=\"article\" \/>\n<meta property=\"og:title\" content=\"Politica de Privacidad - CEFC\" \/>\n<meta property=\"og:description\" content=\"Protecci\u00f3n de Datos A trav\u00e9s de este sitio web no se recaban datos de car\u00e1cter personal de los usuarios sin...\" \/>\n<meta property=\"og:url\" content=\"https:\/\/centroferiascordoba.com\/en\/politica-de-privacidad\/\" \/>\n<meta property=\"og:site_name\" content=\"CEFC\" \/>\n<meta property=\"article:modified_time\" content=\"2022-10-29T14:02:07+00:00\" \/>\n<meta name=\"twitter:card\" content=\"summary_large_image\" \/>\n<meta name=\"twitter:label1\" content=\"Estimated reading time\" \/>\n\t<meta name=\"twitter:data1\" content=\"3 minutes\" \/>\n<script type=\"application\/ld+json\" class=\"yoast-schema-graph\">{\"@context\":\"https:\/\/schema.org\",\"@graph\":[{\"@type\":\"WebPage\",\"@id\":\"https:\/\/centroferiascordoba.com\/politica-de-privacidad\/\",\"url\":\"https:\/\/centroferiascordoba.com\/politica-de-privacidad\/\",\"name\":\"Politica de Privacidad - CEFC\",\"isPartOf\":{\"@id\":\"https:\/\/centroferiascordoba.com\/#website\"},\"datePublished\":\"2022-10-29T14:01:59+00:00\",\"dateModified\":\"2022-10-29T14:02:07+00:00\",\"breadcrumb\":{\"@id\":\"https:\/\/centroferiascordoba.com\/politica-de-privacidad\/#breadcrumb\"},\"inLanguage\":\"en-GB\",\"potentialAction\":[{\"@type\":\"ReadAction\",\"target\":[\"https:\/\/centroferiascordoba.com\/politica-de-privacidad\/\"]}]},{\"@type\":\"BreadcrumbList\",\"@id\":\"https:\/\/centroferiascordoba.com\/politica-de-privacidad\/#breadcrumb\",\"itemListElement\":[{\"@type\":\"ListItem\",\"position\":1,\"name\":\"Portada\",\"item\":\"https:\/\/centroferiascordoba.com\/\"},{\"@type\":\"ListItem\",\"position\":2,\"name\":\"Politica de Privacidad\"}]},{\"@type\":\"WebSite\",\"@id\":\"https:\/\/centroferiascordoba.com\/#website\",\"url\":\"https:\/\/centroferiascordoba.com\/\",\"name\":\"CEFC\",\"description\":\"Sitio Web Oficial Centro de Exposiciones, Ferias y Convenciones de C\u00f3rdoba\",\"potentialAction\":[{\"@type\":\"SearchAction\",\"target\":{\"@type\":\"EntryPoint\",\"urlTemplate\":\"https:\/\/centroferiascordoba.com\/?s={search_term_string}\"},\"query-input\":\"required name=search_term_string\"}],\"inLanguage\":\"en-GB\"}]}<\/script>\n<!-- \/ Yoast SEO plugin. -->","yoast_head_json":{"title":"Politica de Privacidad - CEFC","robots":{"index":"index","follow":"follow","max-snippet":"max-snippet:-1","max-image-preview":"max-image-preview:large","max-video-preview":"max-video-preview:-1"},"canonical":"https:\/\/centroferiascordoba.com\/en\/politica-de-privacidad\/","og_locale":"en_GB","og_type":"article","og_title":"Politica de Privacidad - CEFC","og_description":"Protecci\u00f3n de Datos A trav\u00e9s de este sitio web no se recaban datos de car\u00e1cter personal de los usuarios sin...","og_url":"https:\/\/centroferiascordoba.com\/en\/politica-de-privacidad\/","og_site_name":"CEFC","article_modified_time":"2022-10-29T14:02:07+00:00","twitter_card":"summary_large_image","twitter_misc":{"Estimated reading time":"3 minutes"},"schema":{"@context":"https:\/\/schema.org","@graph":[{"@type":"WebPage","@id":"https:\/\/centroferiascordoba.com\/politica-de-privacidad\/","url":"https:\/\/centroferiascordoba.com\/politica-de-privacidad\/","name":"Politica de Privacidad - CEFC","isPartOf":{"@id":"https:\/\/centroferiascordoba.com\/#website"},"datePublished":"2022-10-29T14:01:59+00:00","dateModified":"2022-10-29T14:02:07+00:00","breadcrumb":{"@id":"https:\/\/centroferiascordoba.com\/politica-de-privacidad\/#breadcrumb"},"inLanguage":"en-GB","potentialAction":[{"@type":"ReadAction","target":["https:\/\/centroferiascordoba.com\/politica-de-privacidad\/"]}]},{"@type":"BreadcrumbList","@id":"https:\/\/centroferiascordoba.com\/politica-de-privacidad\/#breadcrumb","itemListElement":[{"@type":"ListItem","position":1,"name":"Portada","item":"https:\/\/centroferiascordoba.com\/"},{"@type":"ListItem","position":2,"name":"Politica de Privacidad"}]},{"@type":"WebSite","@id":"https:\/\/centroferiascordoba.com\/#website","url":"https:\/\/centroferiascordoba.com\/","name":"CEFC","description":"Sitio Web Oficial Centro de Exposiciones, Ferias y Convenciones de C\u00f3rdoba","potentialAction":[{"@type":"SearchAction","target":{"@type":"EntryPoint","urlTemplate":"https:\/\/centroferiascordoba.com\/?s={search_term_string}"},"query-input":"required name=search_term_string"}],"inLanguage":"en-GB"}]}},"_links":{"self":[{"href":"https:\/\/centroferiascordoba.com\/en\/wp-json\/wp\/v2\/pages\/3706","targetHints":{"allow":["GET"]}}],"collection":[{"href":"https:\/\/centroferiascordoba.com\/en\/wp-json\/wp\/v2\/pages"}],"about":[{"href":"https:\/\/centroferiascordoba.com\/en\/wp-json\/wp\/v2\/types\/page"}],"author":[{"embeddable":true,"href":"https:\/\/centroferiascordoba.com\/en\/wp-json\/wp\/v2\/users\/10"}],"replies":[{"embeddable":true,"href":"https:\/\/centroferiascordoba.com\/en\/wp-json\/wp\/v2\/comments?post=3706"}],"version-history":[{"count":1,"href":"https:\/\/centroferiascordoba.com\/en\/wp-json\/wp\/v2\/pages\/3706\/revisions"}],"predecessor-version":[{"id":3707,"href":"https:\/\/centroferiascordoba.com\/en\/wp-json\/wp\/v2\/pages\/3706\/revisions\/3707"}],"wp:attachment":[{"href":"https:\/\/centroferiascordoba.com\/en\/wp-json\/wp\/v2\/media?parent=3706"}],"curies":[{"name":"wp","href":"https:\/\/api.w.org\/{rel}","templated":true}]}}