{"id":4021,"date":"2024-03-08T11:44:22","date_gmt":"2024-03-08T11:44:22","guid":{"rendered":"https:\/\/centroferiascordoba.com\/?page_id=4021"},"modified":"2024-11-07T15:34:06","modified_gmt":"2024-11-07T15:34:06","slug":"eurotaller","status":"publish","type":"page","link":"https:\/\/centroferiascordoba.com\/en\/eurotaller\/","title":{"rendered":"EuroTaller"},"content":{"rendered":"<section class=\"wpb-content-wrapper\"><div class=\"vc_row-full-width-before\"><\/div><div id=\"vc_row-69fb0df162fa1\" data-vc-full-width=\"true\" data-vc-full-width-init=\"false\" class=\"vc_row wpb_row vc_row-fluid vc_custom_1689936345624 thegem-custom-69fb0df162f66431\"><script type=\"text\/javascript\">if (typeof(gem_fix_fullwidth_position) == \"function\") { gem_fix_fullwidth_position(document.getElementById(\"vc_row-69fb0df162fa1\")); }<\/script><div class=\"wpb_column vc_column_container vc_col-sm-12 thegem-custom-69fb0df1632e52074\"><div class=\"vc_column-inner thegem-custom-inner-69fb0df1632e7\"><div class=\"wpb_wrapper thegem-custom-69fb0df1632e52074\"><div class=\"vc_row wpb_row vc_inner vc_row-fluid thegem-custom-69fb0df1636f15591 custom-inner-column-69fb0df1636f7\"><div class=\"wpb_column vc_column_container vc_col-sm-12 thegem-custom-69fb0df1639c11819\"><div class=\"vc_column-inner thegem-custom-inner-69fb0df1639c2\"><div class=\"wpb_wrapper thegem-custom-69fb0df1639c11819\">\r\n<div class=\"vc_grid-container-wrapper vc_clearfix vc_grid-animation-fadeIn\">\r\n\t<div class=\"vc_grid-container vc_clearfix wpb_content_element vc_media_grid\" data-initial-loading-animation=\"fadeIn\" data-vc-grid-settings=\"{&quot;page_id&quot;:4021,&quot;style&quot;:&quot;all&quot;,&quot;action&quot;:&quot;vc_get_vc_grid_data&quot;,&quot;shortcode_id&quot;:&quot;1709898147635-c00fa14d-0b5a-10&quot;,&quot;tag&quot;:&quot;vc_media_grid&quot;}\" data-vc-request=\"https:\/\/centroferiascordoba.com\/wp-admin\/admin-ajax.php\" data-vc-post-id=\"4021\" data-vc-public-nonce=\"4d2b695bae\">\r\n\t\t\r\n\t<\/div>\r\n<\/div><\/div><\/div><\/div><\/div><\/div><\/div><\/div><\/div><div class=\"vc_row-full-width vc_clearfix\"><\/div>\n<\/section>","protected":false},"excerpt":{"rendered":"","protected":false},"author":10,"featured_media":4019,"parent":0,"menu_order":0,"comment_status":"closed","ping_status":"open","template":"","meta":{"footnotes":""},"class_list":["post-4021","page","type-page","status-publish","has-post-thumbnail"],"yoast_head":"<!-- This site is optimized with the Yoast SEO plugin v20.1 - https:\/\/yoast.com\/wordpress\/plugins\/seo\/ -->\n<title>EuroTaller - CEFC<\/title>\n<meta name=\"description\" content=\"Eurotaller 2024 en el CEFC: el evento donde los profesionales del sector de la automoci\u00f3n se re\u00fanen para descubrir las \u00faltimas novedades, innovaciones y tendencias en mantenimiento y reparaci\u00f3n de veh\u00edculos. Conoce las soluciones m\u00e1s avanzadas para el futuro del sector automotriz. \u00a1Un encuentro clave para el crecimiento del negocio\" \/>\n<meta name=\"robots\" content=\"index, follow, max-snippet:-1, max-image-preview:large, max-video-preview:-1\" \/>\n<link rel=\"canonical\" href=\"https:\/\/centroferiascordoba.com\/en\/eurotaller\/\" \/>\n<meta property=\"og:locale\" content=\"en_GB\" \/>\n<meta property=\"og:type\" content=\"article\" \/>\n<meta property=\"og:title\" content=\"EuroTaller - CEFC\" \/>\n<meta property=\"og:description\" content=\"Eurotaller 2024 en el CEFC: el evento donde los profesionales del sector de la automoci\u00f3n se re\u00fanen para descubrir las \u00faltimas novedades, innovaciones y tendencias en mantenimiento y reparaci\u00f3n de veh\u00edculos. Conoce las soluciones m\u00e1s avanzadas para el futuro del sector automotriz. \u00a1Un encuentro clave para el crecimiento del negocio\" \/>\n<meta property=\"og:url\" content=\"https:\/\/centroferiascordoba.com\/en\/eurotaller\/\" \/>\n<meta property=\"og:site_name\" content=\"CEFC\" \/>\n<meta property=\"article:modified_time\" content=\"2024-11-07T15:34:06+00:00\" \/>\n<meta property=\"og:image\" content=\"https:\/\/centroferiascordoba.com\/wp-content\/uploads\/2024\/03\/20240223_213846-scaled-e1709898358366.jpg\" \/>\n\t<meta property=\"og:image:width\" content=\"1920\" \/>\n\t<meta property=\"og:image:height\" content=\"1152\" \/>\n\t<meta property=\"og:image:type\" content=\"image\/jpeg\" \/>\n<meta name=\"twitter:card\" content=\"summary_large_image\" \/>\n<meta name=\"twitter:label1\" content=\"Estimated reading time\" \/>\n\t<meta name=\"twitter:data1\" content=\"1 minute\" \/>\n<script type=\"application\/ld+json\" class=\"yoast-schema-graph\">{\"@context\":\"https:\/\/schema.org\",\"@graph\":[{\"@type\":\"WebPage\",\"@id\":\"https:\/\/centroferiascordoba.com\/eurotaller\/\",\"url\":\"https:\/\/centroferiascordoba.com\/eurotaller\/\",\"name\":\"EuroTaller - CEFC\",\"isPartOf\":{\"@id\":\"https:\/\/centroferiascordoba.com\/#website\"},\"datePublished\":\"2024-03-08T11:44:22+00:00\",\"dateModified\":\"2024-11-07T15:34:06+00:00\",\"description\":\"Eurotaller 2024 en el CEFC: el evento donde los profesionales del sector de la automoci\u00f3n se re\u00fanen para descubrir las \u00faltimas novedades, innovaciones y tendencias en mantenimiento y reparaci\u00f3n de veh\u00edculos. Conoce las soluciones m\u00e1s avanzadas para el futuro del sector automotriz. \u00a1Un encuentro clave para el crecimiento del negocio\",\"breadcrumb\":{\"@id\":\"https:\/\/centroferiascordoba.com\/eurotaller\/#breadcrumb\"},\"inLanguage\":\"en-GB\",\"potentialAction\":[{\"@type\":\"ReadAction\",\"target\":[\"https:\/\/centroferiascordoba.com\/eurotaller\/\"]}]},{\"@type\":\"BreadcrumbList\",\"@id\":\"https:\/\/centroferiascordoba.com\/eurotaller\/#breadcrumb\",\"itemListElement\":[{\"@type\":\"ListItem\",\"position\":1,\"name\":\"Portada\",\"item\":\"https:\/\/centroferiascordoba.com\/\"},{\"@type\":\"ListItem\",\"position\":2,\"name\":\"EuroTaller\"}]},{\"@type\":\"WebSite\",\"@id\":\"https:\/\/centroferiascordoba.com\/#website\",\"url\":\"https:\/\/centroferiascordoba.com\/\",\"name\":\"CEFC\",\"description\":\"Sitio Web Oficial Centro de Exposiciones, Ferias y Convenciones de C\u00f3rdoba\",\"potentialAction\":[{\"@type\":\"SearchAction\",\"target\":{\"@type\":\"EntryPoint\",\"urlTemplate\":\"https:\/\/centroferiascordoba.com\/?s={search_term_string}\"},\"query-input\":\"required name=search_term_string\"}],\"inLanguage\":\"en-GB\"}]}<\/script>\n<!-- \/ Yoast SEO plugin. -->","yoast_head_json":{"title":"EuroTaller - CEFC","description":"Eurotaller 2024 en el CEFC: el evento donde los profesionales del sector de la automoci\u00f3n se re\u00fanen para descubrir las \u00faltimas novedades, innovaciones y tendencias en mantenimiento y reparaci\u00f3n de veh\u00edculos. Conoce las soluciones m\u00e1s avanzadas para el futuro del sector automotriz. \u00a1Un encuentro clave para el crecimiento del negocio","robots":{"index":"index","follow":"follow","max-snippet":"max-snippet:-1","max-image-preview":"max-image-preview:large","max-video-preview":"max-video-preview:-1"},"canonical":"https:\/\/centroferiascordoba.com\/en\/eurotaller\/","og_locale":"en_GB","og_type":"article","og_title":"EuroTaller - CEFC","og_description":"Eurotaller 2024 en el CEFC: el evento donde los profesionales del sector de la automoci\u00f3n se re\u00fanen para descubrir las \u00faltimas novedades, innovaciones y tendencias en mantenimiento y reparaci\u00f3n de veh\u00edculos. Conoce las soluciones m\u00e1s avanzadas para el futuro del sector automotriz. \u00a1Un encuentro clave para el crecimiento del negocio","og_url":"https:\/\/centroferiascordoba.com\/en\/eurotaller\/","og_site_name":"CEFC","article_modified_time":"2024-11-07T15:34:06+00:00","og_image":[{"width":1920,"height":1152,"url":"https:\/\/centroferiascordoba.com\/wp-content\/uploads\/2024\/03\/20240223_213846-scaled-e1709898358366.jpg","type":"image\/jpeg"}],"twitter_card":"summary_large_image","twitter_misc":{"Estimated reading time":"1 minute"},"schema":{"@context":"https:\/\/schema.org","@graph":[{"@type":"WebPage","@id":"https:\/\/centroferiascordoba.com\/eurotaller\/","url":"https:\/\/centroferiascordoba.com\/eurotaller\/","name":"EuroTaller - CEFC","isPartOf":{"@id":"https:\/\/centroferiascordoba.com\/#website"},"datePublished":"2024-03-08T11:44:22+00:00","dateModified":"2024-11-07T15:34:06+00:00","description":"Eurotaller 2024 en el CEFC: el evento donde los profesionales del sector de la automoci\u00f3n se re\u00fanen para descubrir las \u00faltimas novedades, innovaciones y tendencias en mantenimiento y reparaci\u00f3n de veh\u00edculos. Conoce las soluciones m\u00e1s avanzadas para el futuro del sector automotriz. \u00a1Un encuentro clave para el crecimiento del negocio","breadcrumb":{"@id":"https:\/\/centroferiascordoba.com\/eurotaller\/#breadcrumb"},"inLanguage":"en-GB","potentialAction":[{"@type":"ReadAction","target":["https:\/\/centroferiascordoba.com\/eurotaller\/"]}]},{"@type":"BreadcrumbList","@id":"https:\/\/centroferiascordoba.com\/eurotaller\/#breadcrumb","itemListElement":[{"@type":"ListItem","position":1,"name":"Portada","item":"https:\/\/centroferiascordoba.com\/"},{"@type":"ListItem","position":2,"name":"EuroTaller"}]},{"@type":"WebSite","@id":"https:\/\/centroferiascordoba.com\/#website","url":"https:\/\/centroferiascordoba.com\/","name":"CEFC","description":"Sitio Web Oficial Centro de Exposiciones, Ferias y Convenciones de C\u00f3rdoba","potentialAction":[{"@type":"SearchAction","target":{"@type":"EntryPoint","urlTemplate":"https:\/\/centroferiascordoba.com\/?s={search_term_string}"},"query-input":"required name=search_term_string"}],"inLanguage":"en-GB"}]}},"_links":{"self":[{"href":"https:\/\/centroferiascordoba.com\/en\/wp-json\/wp\/v2\/pages\/4021","targetHints":{"allow":["GET"]}}],"collection":[{"href":"https:\/\/centroferiascordoba.com\/en\/wp-json\/wp\/v2\/pages"}],"about":[{"href":"https:\/\/centroferiascordoba.com\/en\/wp-json\/wp\/v2\/types\/page"}],"author":[{"embeddable":true,"href":"https:\/\/centroferiascordoba.com\/en\/wp-json\/wp\/v2\/users\/10"}],"replies":[{"embeddable":true,"href":"https:\/\/centroferiascordoba.com\/en\/wp-json\/wp\/v2\/comments?post=4021"}],"version-history":[{"count":1,"href":"https:\/\/centroferiascordoba.com\/en\/wp-json\/wp\/v2\/pages\/4021\/revisions"}],"predecessor-version":[{"id":4028,"href":"https:\/\/centroferiascordoba.com\/en\/wp-json\/wp\/v2\/pages\/4021\/revisions\/4028"}],"wp:featuredmedia":[{"embeddable":true,"href":"https:\/\/centroferiascordoba.com\/en\/wp-json\/wp\/v2\/media\/4019"}],"wp:attachment":[{"href":"https:\/\/centroferiascordoba.com\/en\/wp-json\/wp\/v2\/media?parent=4021"}],"curies":[{"name":"wp","href":"https:\/\/api.w.org\/{rel}","templated":true}]}}