{"id":4195,"date":"2024-10-12T12:30:57","date_gmt":"2024-10-12T12:30:57","guid":{"rendered":"https:\/\/centroferiascordoba.com\/?page_id=4195"},"modified":"2024-10-15T11:53:14","modified_gmt":"2024-10-15T11:53:14","slug":"reunion-anual-sociedad-nuclear-espanola-2024","status":"publish","type":"page","link":"https:\/\/centroferiascordoba.com\/en\/reunion-anual-sociedad-nuclear-espanola-2024\/","title":{"rendered":"reunion anual sociedad nuclear espa\u00f1ola 2024"},"content":{"rendered":"<div data-elementor-type=\"wp-page\" data-elementor-id=\"4195\" class=\"elementor elementor-4195\" data-elementor-post-type=\"page\">\n\t\t\t\t<div class=\"elementor-element elementor-element-5e63bf9 e-flex e-con-boxed e-con e-parent\" data-id=\"5e63bf9\" data-element_type=\"container\">\n\t\t\t\t\t<div class=\"e-con-inner\">\n\t\t\t\t<div class=\"elementor-element elementor-element-8d92f5f elementor-widget elementor-widget-image-gallery\" data-id=\"8d92f5f\" data-element_type=\"widget\" data-widget_type=\"image-gallery.default\">\n\t\t\t\t<div class=\"elementor-widget-container\">\n\t\t\t\t\t<div class=\"elementor-image-gallery\">\n\t\t\t<div id='gallery-1' class='gallery galleryid-4195 gallery-columns-2 gallery-size-full'><figure class='gallery-item'>\n\t\t\t<div class='gallery-icon landscape'>\n\t\t\t\t<a data-elementor-open-lightbox=\"yes\" data-elementor-lightbox-slideshow=\"8d92f5f\" data-elementor-lightbox-title=\"Logotipo 50 a\u00f1os SNE\" data-e-action-hash=\"#elementor-action%3Aaction%3Dlightbox%26settings%3DeyJpZCI6NDExNiwidXJsIjoiaHR0cHM6XC9cL2NlbnRyb2Zlcmlhc2NvcmRvYmEuY29tXC93cC1jb250ZW50XC91cGxvYWRzXC8yMDI0XC8wOVwvRGlzZW5vLXNpbi10aXR1bG8tNjUucG5nIiwic2xpZGVzaG93IjoiOGQ5MmY1ZiJ9\" href='https:\/\/centroferiascordoba.com\/wp-content\/uploads\/2024\/09\/Diseno-sin-titulo-65.png'><img fetchpriority=\"high\" decoding=\"async\" width=\"1080\" height=\"1080\" src=\"https:\/\/centroferiascordoba.com\/wp-content\/uploads\/2024\/09\/Diseno-sin-titulo-65.png\" class=\"attachment-full size-full\" alt=\"Fotos de la Reuni\u00f3n Anual de la Sociedad Nuclear Espa\u00f1ola 2024 en C\u00f3rdoba\" srcset=\"https:\/\/centroferiascordoba.com\/wp-content\/uploads\/2024\/09\/Diseno-sin-titulo-65.png 1080w, https:\/\/centroferiascordoba.com\/wp-content\/uploads\/2024\/09\/Diseno-sin-titulo-65-300x300.png 300w, https:\/\/centroferiascordoba.com\/wp-content\/uploads\/2024\/09\/Diseno-sin-titulo-65-1024x1024.png 1024w, https:\/\/centroferiascordoba.com\/wp-content\/uploads\/2024\/09\/Diseno-sin-titulo-65-150x150.png 150w, https:\/\/centroferiascordoba.com\/wp-content\/uploads\/2024\/09\/Diseno-sin-titulo-65-768x768.png 768w, https:\/\/centroferiascordoba.com\/wp-content\/uploads\/2024\/09\/Diseno-sin-titulo-65-256x256.png 256w\" sizes=\"(max-width: 1080px) 100vw, 1080px\" \/><\/a>\n\t\t\t<\/div><\/figure><figure class='gallery-item'>\n\t\t\t<div class='gallery-icon landscape'>\n\t\t\t\t<a data-elementor-open-lightbox=\"yes\" data-elementor-lightbox-slideshow=\"8d92f5f\" data-elementor-lightbox-title=\"Centro CEFC SNE\" data-e-action-hash=\"#elementor-action%3Aaction%3Dlightbox%26settings%3DeyJpZCI6NDIyNSwidXJsIjoiaHR0cHM6XC9cL2NlbnRyb2Zlcmlhc2NvcmRvYmEuY29tXC93cC1jb250ZW50XC91cGxvYWRzXC8yMDI0XC8xMFwvSU1HXzk3NTUtc2NhbGVkLmpwZyIsInNsaWRlc2hvdyI6IjhkOTJmNWYifQ%3D%3D\" href='https:\/\/centroferiascordoba.com\/wp-content\/uploads\/2024\/10\/IMG_9755-scaled.jpg'><img decoding=\"async\" width=\"2560\" height=\"1920\" src=\"https:\/\/centroferiascordoba.com\/wp-content\/uploads\/2024\/10\/IMG_9755-scaled.jpg\" class=\"attachment-full size-full\" alt=\"Centro CEFC SNE\" srcset=\"https:\/\/centroferiascordoba.com\/wp-content\/uploads\/2024\/10\/IMG_9755-scaled.jpg 2560w, https:\/\/centroferiascordoba.com\/wp-content\/uploads\/2024\/10\/IMG_9755-300x225.jpg 300w, https:\/\/centroferiascordoba.com\/wp-content\/uploads\/2024\/10\/IMG_9755-1024x768.jpg 1024w, https:\/\/centroferiascordoba.com\/wp-content\/uploads\/2024\/10\/IMG_9755-768x576.jpg 768w, https:\/\/centroferiascordoba.com\/wp-content\/uploads\/2024\/10\/IMG_9755-1536x1152.jpg 1536w, https:\/\/centroferiascordoba.com\/wp-content\/uploads\/2024\/10\/IMG_9755-2048x1536.jpg 2048w\" sizes=\"(max-width: 2560px) 100vw, 2560px\" \/><\/a>\n\t\t\t<\/div><\/figure><figure class='gallery-item'>\n\t\t\t<div class='gallery-icon landscape'>\n\t\t\t\t<a data-elementor-open-lightbox=\"yes\" data-elementor-lightbox-slideshow=\"8d92f5f\" data-elementor-lightbox-title=\"Sesi\u00f3n Apertura SNE\" data-e-action-hash=\"#elementor-action%3Aaction%3Dlightbox%26settings%3DeyJpZCI6NDIyNiwidXJsIjoiaHR0cHM6XC9cL2NlbnRyb2Zlcmlhc2NvcmRvYmEuY29tXC93cC1jb250ZW50XC91cGxvYWRzXC8yMDI0XC8xMFwvSU1HXzk3ODctc2NhbGVkLmpwZyIsInNsaWRlc2hvdyI6IjhkOTJmNWYifQ%3D%3D\" href='https:\/\/centroferiascordoba.com\/wp-content\/uploads\/2024\/10\/IMG_9787-scaled.jpg'><img decoding=\"async\" width=\"2560\" height=\"1920\" src=\"https:\/\/centroferiascordoba.com\/wp-content\/uploads\/2024\/10\/IMG_9787-scaled.jpg\" class=\"attachment-full size-full\" alt=\"Sesi\u00f3n Apertura SNE\" srcset=\"https:\/\/centroferiascordoba.com\/wp-content\/uploads\/2024\/10\/IMG_9787-scaled.jpg 2560w, https:\/\/centroferiascordoba.com\/wp-content\/uploads\/2024\/10\/IMG_9787-300x225.jpg 300w, https:\/\/centroferiascordoba.com\/wp-content\/uploads\/2024\/10\/IMG_9787-1024x768.jpg 1024w, https:\/\/centroferiascordoba.com\/wp-content\/uploads\/2024\/10\/IMG_9787-768x576.jpg 768w, https:\/\/centroferiascordoba.com\/wp-content\/uploads\/2024\/10\/IMG_9787-1536x1152.jpg 1536w, https:\/\/centroferiascordoba.com\/wp-content\/uploads\/2024\/10\/IMG_9787-2048x1536.jpg 2048w\" sizes=\"(max-width: 2560px) 100vw, 2560px\" \/><\/a>\n\t\t\t<\/div><\/figure><figure class='gallery-item'>\n\t\t\t<div class='gallery-icon landscape'>\n\t\t\t\t<a data-elementor-open-lightbox=\"yes\" data-elementor-lightbox-slideshow=\"8d92f5f\" data-elementor-lightbox-title=\"Entrevista CNE CEFC 2024\" data-e-action-hash=\"#elementor-action%3Aaction%3Dlightbox%26settings%3DeyJpZCI6NDIyNywidXJsIjoiaHR0cHM6XC9cL2NlbnRyb2Zlcmlhc2NvcmRvYmEuY29tXC93cC1jb250ZW50XC91cGxvYWRzXC8yMDI0XC8xMFwvSU1HXzk4MTAtc2NhbGVkLmpwZyIsInNsaWRlc2hvdyI6IjhkOTJmNWYifQ%3D%3D\" href='https:\/\/centroferiascordoba.com\/wp-content\/uploads\/2024\/10\/IMG_9810-scaled.jpg'><img loading=\"lazy\" decoding=\"async\" width=\"2560\" height=\"1920\" src=\"https:\/\/centroferiascordoba.com\/wp-content\/uploads\/2024\/10\/IMG_9810-scaled.jpg\" class=\"attachment-full size-full\" alt=\"Entrevista CNE CEFC 2024\" srcset=\"https:\/\/centroferiascordoba.com\/wp-content\/uploads\/2024\/10\/IMG_9810-scaled.jpg 2560w, https:\/\/centroferiascordoba.com\/wp-content\/uploads\/2024\/10\/IMG_9810-300x225.jpg 300w, https:\/\/centroferiascordoba.com\/wp-content\/uploads\/2024\/10\/IMG_9810-1024x768.jpg 1024w, https:\/\/centroferiascordoba.com\/wp-content\/uploads\/2024\/10\/IMG_9810-768x576.jpg 768w, https:\/\/centroferiascordoba.com\/wp-content\/uploads\/2024\/10\/IMG_9810-1536x1152.jpg 1536w, https:\/\/centroferiascordoba.com\/wp-content\/uploads\/2024\/10\/IMG_9810-2048x1536.jpg 2048w\" sizes=\"(max-width: 2560px) 100vw, 2560px\" \/><\/a>\n\t\t\t<\/div><\/figure><figure class='gallery-item'>\n\t\t\t<div class='gallery-icon landscape'>\n\t\t\t\t<a data-elementor-open-lightbox=\"yes\" data-elementor-lightbox-slideshow=\"8d92f5f\" data-elementor-lightbox-title=\"Stands Centro CEFC 1\" data-e-action-hash=\"#elementor-action%3Aaction%3Dlightbox%26settings%3DeyJpZCI6NDIyOCwidXJsIjoiaHR0cHM6XC9cL2NlbnRyb2Zlcmlhc2NvcmRvYmEuY29tXC93cC1jb250ZW50XC91cGxvYWRzXC8yMDI0XC8xMFwvSU1HXzk4MTEtc2NhbGVkLmpwZyIsInNsaWRlc2hvdyI6IjhkOTJmNWYifQ%3D%3D\" href='https:\/\/centroferiascordoba.com\/wp-content\/uploads\/2024\/10\/IMG_9811-scaled.jpg'><img loading=\"lazy\" decoding=\"async\" width=\"2560\" height=\"1920\" src=\"https:\/\/centroferiascordoba.com\/wp-content\/uploads\/2024\/10\/IMG_9811-scaled.jpg\" class=\"attachment-full size-full\" alt=\"Stands Centro CEFC 1\" srcset=\"https:\/\/centroferiascordoba.com\/wp-content\/uploads\/2024\/10\/IMG_9811-scaled.jpg 2560w, https:\/\/centroferiascordoba.com\/wp-content\/uploads\/2024\/10\/IMG_9811-300x225.jpg 300w, https:\/\/centroferiascordoba.com\/wp-content\/uploads\/2024\/10\/IMG_9811-1024x768.jpg 1024w, https:\/\/centroferiascordoba.com\/wp-content\/uploads\/2024\/10\/IMG_9811-768x576.jpg 768w, https:\/\/centroferiascordoba.com\/wp-content\/uploads\/2024\/10\/IMG_9811-1536x1152.jpg 1536w, https:\/\/centroferiascordoba.com\/wp-content\/uploads\/2024\/10\/IMG_9811-2048x1536.jpg 2048w\" sizes=\"(max-width: 2560px) 100vw, 2560px\" \/><\/a>\n\t\t\t<\/div><\/figure><figure class='gallery-item'>\n\t\t\t<div class='gallery-icon landscape'>\n\t\t\t\t<a data-elementor-open-lightbox=\"yes\" data-elementor-lightbox-slideshow=\"8d92f5f\" data-elementor-lightbox-title=\"Stands Centro CEFC 2\" data-e-action-hash=\"#elementor-action%3Aaction%3Dlightbox%26settings%3DeyJpZCI6NDIyOSwidXJsIjoiaHR0cHM6XC9cL2NlbnRyb2Zlcmlhc2NvcmRvYmEuY29tXC93cC1jb250ZW50XC91cGxvYWRzXC8yMDI0XC8xMFwvSU1HXzk4MTQtc2NhbGVkLmpwZyIsInNsaWRlc2hvdyI6IjhkOTJmNWYifQ%3D%3D\" href='https:\/\/centroferiascordoba.com\/wp-content\/uploads\/2024\/10\/IMG_9814-scaled.jpg'><img loading=\"lazy\" decoding=\"async\" width=\"2560\" height=\"1920\" src=\"https:\/\/centroferiascordoba.com\/wp-content\/uploads\/2024\/10\/IMG_9814-scaled.jpg\" class=\"attachment-full size-full\" alt=\"Stands Centro CEFC 2\" srcset=\"https:\/\/centroferiascordoba.com\/wp-content\/uploads\/2024\/10\/IMG_9814-scaled.jpg 2560w, https:\/\/centroferiascordoba.com\/wp-content\/uploads\/2024\/10\/IMG_9814-300x225.jpg 300w, https:\/\/centroferiascordoba.com\/wp-content\/uploads\/2024\/10\/IMG_9814-1024x768.jpg 1024w, https:\/\/centroferiascordoba.com\/wp-content\/uploads\/2024\/10\/IMG_9814-768x576.jpg 768w, https:\/\/centroferiascordoba.com\/wp-content\/uploads\/2024\/10\/IMG_9814-1536x1152.jpg 1536w, https:\/\/centroferiascordoba.com\/wp-content\/uploads\/2024\/10\/IMG_9814-2048x1536.jpg 2048w\" sizes=\"(max-width: 2560px) 100vw, 2560px\" \/><\/a>\n\t\t\t<\/div><\/figure><figure class='gallery-item'>\n\t\t\t<div class='gallery-icon landscape'>\n\t\t\t\t<a data-elementor-open-lightbox=\"yes\" data-elementor-lightbox-slideshow=\"8d92f5f\" data-elementor-lightbox-title=\"Stands Centro CEFC 3\" data-e-action-hash=\"#elementor-action%3Aaction%3Dlightbox%26settings%3DeyJpZCI6NDIzMCwidXJsIjoiaHR0cHM6XC9cL2NlbnRyb2Zlcmlhc2NvcmRvYmEuY29tXC93cC1jb250ZW50XC91cGxvYWRzXC8yMDI0XC8xMFwvSU1HXzk4MTgtMS1zY2FsZWQuanBnIiwic2xpZGVzaG93IjoiOGQ5MmY1ZiJ9\" href='https:\/\/centroferiascordoba.com\/wp-content\/uploads\/2024\/10\/IMG_9818-1-scaled.jpg'><img loading=\"lazy\" decoding=\"async\" width=\"2560\" height=\"1920\" src=\"https:\/\/centroferiascordoba.com\/wp-content\/uploads\/2024\/10\/IMG_9818-1-scaled.jpg\" class=\"attachment-full size-full\" alt=\"Stands Centro CEFC 3\" srcset=\"https:\/\/centroferiascordoba.com\/wp-content\/uploads\/2024\/10\/IMG_9818-1-scaled.jpg 2560w, https:\/\/centroferiascordoba.com\/wp-content\/uploads\/2024\/10\/IMG_9818-1-300x225.jpg 300w, https:\/\/centroferiascordoba.com\/wp-content\/uploads\/2024\/10\/IMG_9818-1-1024x768.jpg 1024w, https:\/\/centroferiascordoba.com\/wp-content\/uploads\/2024\/10\/IMG_9818-1-768x576.jpg 768w, https:\/\/centroferiascordoba.com\/wp-content\/uploads\/2024\/10\/IMG_9818-1-1536x1152.jpg 1536w, https:\/\/centroferiascordoba.com\/wp-content\/uploads\/2024\/10\/IMG_9818-1-2048x1536.jpg 2048w\" sizes=\"(max-width: 2560px) 100vw, 2560px\" \/><\/a>\n\t\t\t<\/div><\/figure><figure class='gallery-item'>\n\t\t\t<div class='gallery-icon landscape'>\n\t\t\t\t<a data-elementor-open-lightbox=\"yes\" data-elementor-lightbox-slideshow=\"8d92f5f\" data-elementor-lightbox-title=\"Stands Centro CEFC 4\" data-e-action-hash=\"#elementor-action%3Aaction%3Dlightbox%26settings%3DeyJpZCI6NDIzMSwidXJsIjoiaHR0cHM6XC9cL2NlbnRyb2Zlcmlhc2NvcmRvYmEuY29tXC93cC1jb250ZW50XC91cGxvYWRzXC8yMDI0XC8xMFwvSU1HXzk4MTktc2NhbGVkLmpwZyIsInNsaWRlc2hvdyI6IjhkOTJmNWYifQ%3D%3D\" href='https:\/\/centroferiascordoba.com\/wp-content\/uploads\/2024\/10\/IMG_9819-scaled.jpg'><img loading=\"lazy\" decoding=\"async\" width=\"2560\" height=\"1920\" src=\"https:\/\/centroferiascordoba.com\/wp-content\/uploads\/2024\/10\/IMG_9819-scaled.jpg\" class=\"attachment-full size-full\" alt=\"Stands Centro CEFC 4\" srcset=\"https:\/\/centroferiascordoba.com\/wp-content\/uploads\/2024\/10\/IMG_9819-scaled.jpg 2560w, https:\/\/centroferiascordoba.com\/wp-content\/uploads\/2024\/10\/IMG_9819-300x225.jpg 300w, https:\/\/centroferiascordoba.com\/wp-content\/uploads\/2024\/10\/IMG_9819-1024x768.jpg 1024w, https:\/\/centroferiascordoba.com\/wp-content\/uploads\/2024\/10\/IMG_9819-768x576.jpg 768w, https:\/\/centroferiascordoba.com\/wp-content\/uploads\/2024\/10\/IMG_9819-1536x1152.jpg 1536w, https:\/\/centroferiascordoba.com\/wp-content\/uploads\/2024\/10\/IMG_9819-2048x1536.jpg 2048w\" sizes=\"(max-width: 2560px) 100vw, 2560px\" \/><\/a>\n\t\t\t<\/div><\/figure><figure class='gallery-item'>\n\t\t\t<div class='gallery-icon landscape'>\n\t\t\t\t<a data-elementor-open-lightbox=\"yes\" data-elementor-lightbox-slideshow=\"8d92f5f\" data-elementor-lightbox-title=\"Stands Centro CEFC 5\" data-e-action-hash=\"#elementor-action%3Aaction%3Dlightbox%26settings%3DeyJpZCI6NDIzMiwidXJsIjoiaHR0cHM6XC9cL2NlbnRyb2Zlcmlhc2NvcmRvYmEuY29tXC93cC1jb250ZW50XC91cGxvYWRzXC8yMDI0XC8xMFwvSU1HXzk4MjQtc2NhbGVkLmpwZyIsInNsaWRlc2hvdyI6IjhkOTJmNWYifQ%3D%3D\" href='https:\/\/centroferiascordoba.com\/wp-content\/uploads\/2024\/10\/IMG_9824-scaled.jpg'><img loading=\"lazy\" decoding=\"async\" width=\"2560\" height=\"1920\" src=\"https:\/\/centroferiascordoba.com\/wp-content\/uploads\/2024\/10\/IMG_9824-scaled.jpg\" class=\"attachment-full size-full\" alt=\"Stands Centro CEFC 5\" srcset=\"https:\/\/centroferiascordoba.com\/wp-content\/uploads\/2024\/10\/IMG_9824-scaled.jpg 2560w, https:\/\/centroferiascordoba.com\/wp-content\/uploads\/2024\/10\/IMG_9824-300x225.jpg 300w, https:\/\/centroferiascordoba.com\/wp-content\/uploads\/2024\/10\/IMG_9824-1024x768.jpg 1024w, https:\/\/centroferiascordoba.com\/wp-content\/uploads\/2024\/10\/IMG_9824-768x576.jpg 768w, https:\/\/centroferiascordoba.com\/wp-content\/uploads\/2024\/10\/IMG_9824-1536x1152.jpg 1536w, https:\/\/centroferiascordoba.com\/wp-content\/uploads\/2024\/10\/IMG_9824-2048x1536.jpg 2048w\" sizes=\"(max-width: 2560px) 100vw, 2560px\" \/><\/a>\n\t\t\t<\/div><\/figure><figure class='gallery-item'>\n\t\t\t<div class='gallery-icon landscape'>\n\t\t\t\t<a data-elementor-open-lightbox=\"yes\" data-elementor-lightbox-slideshow=\"8d92f5f\" data-elementor-lightbox-title=\"Stands Centro CEFC 6\" data-e-action-hash=\"#elementor-action%3Aaction%3Dlightbox%26settings%3DeyJpZCI6NDIzMywidXJsIjoiaHR0cHM6XC9cL2NlbnRyb2Zlcmlhc2NvcmRvYmEuY29tXC93cC1jb250ZW50XC91cGxvYWRzXC8yMDI0XC8xMFwvSU1HXzk4MjUtc2NhbGVkLmpwZyIsInNsaWRlc2hvdyI6IjhkOTJmNWYifQ%3D%3D\" href='https:\/\/centroferiascordoba.com\/wp-content\/uploads\/2024\/10\/IMG_9825-scaled.jpg'><img loading=\"lazy\" decoding=\"async\" width=\"2560\" height=\"1920\" src=\"https:\/\/centroferiascordoba.com\/wp-content\/uploads\/2024\/10\/IMG_9825-scaled.jpg\" class=\"attachment-full size-full\" alt=\"Stands Centro CEFC 6\" srcset=\"https:\/\/centroferiascordoba.com\/wp-content\/uploads\/2024\/10\/IMG_9825-scaled.jpg 2560w, https:\/\/centroferiascordoba.com\/wp-content\/uploads\/2024\/10\/IMG_9825-300x225.jpg 300w, https:\/\/centroferiascordoba.com\/wp-content\/uploads\/2024\/10\/IMG_9825-1024x768.jpg 1024w, https:\/\/centroferiascordoba.com\/wp-content\/uploads\/2024\/10\/IMG_9825-768x576.jpg 768w, https:\/\/centroferiascordoba.com\/wp-content\/uploads\/2024\/10\/IMG_9825-1536x1152.jpg 1536w, https:\/\/centroferiascordoba.com\/wp-content\/uploads\/2024\/10\/IMG_9825-2048x1536.jpg 2048w\" sizes=\"(max-width: 2560px) 100vw, 2560px\" \/><\/a>\n\t\t\t<\/div><\/figure><figure class='gallery-item'>\n\t\t\t<div class='gallery-icon landscape'>\n\t\t\t\t<a data-elementor-open-lightbox=\"yes\" data-elementor-lightbox-slideshow=\"8d92f5f\" data-elementor-lightbox-title=\"Stands Centro CEFC 7\" data-e-action-hash=\"#elementor-action%3Aaction%3Dlightbox%26settings%3DeyJpZCI6NDIzNCwidXJsIjoiaHR0cHM6XC9cL2NlbnRyb2Zlcmlhc2NvcmRvYmEuY29tXC93cC1jb250ZW50XC91cGxvYWRzXC8yMDI0XC8xMFwvSU1HXzk4MjYtc2NhbGVkLmpwZyIsInNsaWRlc2hvdyI6IjhkOTJmNWYifQ%3D%3D\" href='https:\/\/centroferiascordoba.com\/wp-content\/uploads\/2024\/10\/IMG_9826-scaled.jpg'><img loading=\"lazy\" decoding=\"async\" width=\"2560\" height=\"1920\" src=\"https:\/\/centroferiascordoba.com\/wp-content\/uploads\/2024\/10\/IMG_9826-scaled.jpg\" class=\"attachment-full size-full\" alt=\"Stands Centro CEFC 7\" srcset=\"https:\/\/centroferiascordoba.com\/wp-content\/uploads\/2024\/10\/IMG_9826-scaled.jpg 2560w, https:\/\/centroferiascordoba.com\/wp-content\/uploads\/2024\/10\/IMG_9826-300x225.jpg 300w, https:\/\/centroferiascordoba.com\/wp-content\/uploads\/2024\/10\/IMG_9826-1024x768.jpg 1024w, https:\/\/centroferiascordoba.com\/wp-content\/uploads\/2024\/10\/IMG_9826-768x576.jpg 768w, https:\/\/centroferiascordoba.com\/wp-content\/uploads\/2024\/10\/IMG_9826-1536x1152.jpg 1536w, https:\/\/centroferiascordoba.com\/wp-content\/uploads\/2024\/10\/IMG_9826-2048x1536.jpg 2048w\" sizes=\"(max-width: 2560px) 100vw, 2560px\" \/><\/a>\n\t\t\t<\/div><\/figure><figure class='gallery-item'>\n\t\t\t<div class='gallery-icon landscape'>\n\t\t\t\t<a data-elementor-open-lightbox=\"yes\" data-elementor-lightbox-slideshow=\"8d92f5f\" data-elementor-lightbox-title=\"Alcalde en el CEFC\" data-e-action-hash=\"#elementor-action%3Aaction%3Dlightbox%26settings%3DeyJpZCI6NDIzNSwidXJsIjoiaHR0cHM6XC9cL2NlbnRyb2Zlcmlhc2NvcmRvYmEuY29tXC93cC1jb250ZW50XC91cGxvYWRzXC8yMDI0XC8xMFwvSU1HXzk4NDYtc2NhbGVkLmpwZyIsInNsaWRlc2hvdyI6IjhkOTJmNWYifQ%3D%3D\" href='https:\/\/centroferiascordoba.com\/wp-content\/uploads\/2024\/10\/IMG_9846-scaled.jpg'><img loading=\"lazy\" decoding=\"async\" width=\"2560\" height=\"1920\" src=\"https:\/\/centroferiascordoba.com\/wp-content\/uploads\/2024\/10\/IMG_9846-scaled.jpg\" class=\"attachment-full size-full\" alt=\"Alcalde en el CEFC\" srcset=\"https:\/\/centroferiascordoba.com\/wp-content\/uploads\/2024\/10\/IMG_9846-scaled.jpg 2560w, https:\/\/centroferiascordoba.com\/wp-content\/uploads\/2024\/10\/IMG_9846-300x225.jpg 300w, https:\/\/centroferiascordoba.com\/wp-content\/uploads\/2024\/10\/IMG_9846-1024x768.jpg 1024w, https:\/\/centroferiascordoba.com\/wp-content\/uploads\/2024\/10\/IMG_9846-768x576.jpg 768w, https:\/\/centroferiascordoba.com\/wp-content\/uploads\/2024\/10\/IMG_9846-1536x1152.jpg 1536w, https:\/\/centroferiascordoba.com\/wp-content\/uploads\/2024\/10\/IMG_9846-2048x1536.jpg 2048w\" sizes=\"(max-width: 2560px) 100vw, 2560px\" \/><\/a>\n\t\t\t<\/div><\/figure>\n\t\t<\/div>\n\t\t<\/div>\n\t\t\t\t<\/div>\n\t\t\t\t<\/div>\n\t\t\t\t\t<\/div>\n\t\t\t\t<\/div>\n\t\t\t\t<\/div>","protected":false},"excerpt":{"rendered":"","protected":false},"author":10,"featured_media":0,"parent":0,"menu_order":0,"comment_status":"closed","ping_status":"closed","template":"","meta":{"footnotes":""},"class_list":["post-4195","page","type-page","status-publish"],"yoast_head":"<!-- This site is optimized with the Yoast SEO plugin v20.1 - https:\/\/yoast.com\/wordpress\/plugins\/seo\/ -->\n<title>Fotos de la Reuni\u00f3n Anual Sociedad Nuclear Espa\u00f1ola 2024<\/title>\n<meta name=\"description\" content=\"Explora las fotos e im\u00e1genes de la Reuni\u00f3n Anual de la Sociedad Nuclear Espa\u00f1ola 2024 en C\u00f3rdoba. Galer\u00eda de fotos oficial del CEFC SNE 2024\" \/>\n<meta name=\"robots\" content=\"index, follow, max-snippet:-1, max-image-preview:large, max-video-preview:-1\" \/>\n<link rel=\"canonical\" href=\"https:\/\/centroferiascordoba.com\/en\/reunion-anual-sociedad-nuclear-espanola-2024\/\" \/>\n<meta property=\"og:locale\" content=\"en_GB\" \/>\n<meta property=\"og:type\" content=\"article\" \/>\n<meta property=\"og:title\" content=\"Fotos de la Reuni\u00f3n Anual Sociedad Nuclear Espa\u00f1ola 2024\" \/>\n<meta property=\"og:description\" content=\"Explora las fotos e im\u00e1genes de la Reuni\u00f3n Anual de la Sociedad Nuclear Espa\u00f1ola 2024 en C\u00f3rdoba. Galer\u00eda de fotos oficial del CEFC SNE 2024\" \/>\n<meta property=\"og:url\" content=\"https:\/\/centroferiascordoba.com\/en\/reunion-anual-sociedad-nuclear-espanola-2024\/\" \/>\n<meta property=\"og:site_name\" content=\"CEFC\" \/>\n<meta property=\"article:modified_time\" content=\"2024-10-15T11:53:14+00:00\" \/>\n<meta property=\"og:image\" content=\"https:\/\/centroferiascordoba.com\/wp-content\/uploads\/2024\/09\/Diseno-sin-titulo-65.png\" \/>\n<meta name=\"twitter:card\" content=\"summary_large_image\" \/>\n<meta name=\"twitter:label1\" content=\"Estimated reading time\" \/>\n\t<meta name=\"twitter:data1\" content=\"3 minutes\" \/>\n<script type=\"application\/ld+json\" class=\"yoast-schema-graph\">{\"@context\":\"https:\/\/schema.org\",\"@graph\":[{\"@type\":\"WebPage\",\"@id\":\"https:\/\/centroferiascordoba.com\/reunion-anual-sociedad-nuclear-espanola-2024\/\",\"url\":\"https:\/\/centroferiascordoba.com\/reunion-anual-sociedad-nuclear-espanola-2024\/\",\"name\":\"Fotos de la Reuni\u00f3n Anual Sociedad Nuclear Espa\u00f1ola 2024\",\"isPartOf\":{\"@id\":\"https:\/\/centroferiascordoba.com\/#website\"},\"datePublished\":\"2024-10-12T12:30:57+00:00\",\"dateModified\":\"2024-10-15T11:53:14+00:00\",\"description\":\"Explora las fotos e im\u00e1genes de la Reuni\u00f3n Anual de la Sociedad Nuclear Espa\u00f1ola 2024 en C\u00f3rdoba. Galer\u00eda de fotos oficial del CEFC SNE 2024\",\"breadcrumb\":{\"@id\":\"https:\/\/centroferiascordoba.com\/reunion-anual-sociedad-nuclear-espanola-2024\/#breadcrumb\"},\"inLanguage\":\"en-GB\",\"potentialAction\":[{\"@type\":\"ReadAction\",\"target\":[\"https:\/\/centroferiascordoba.com\/reunion-anual-sociedad-nuclear-espanola-2024\/\"]}]},{\"@type\":\"BreadcrumbList\",\"@id\":\"https:\/\/centroferiascordoba.com\/reunion-anual-sociedad-nuclear-espanola-2024\/#breadcrumb\",\"itemListElement\":[{\"@type\":\"ListItem\",\"position\":1,\"name\":\"Portada\",\"item\":\"https:\/\/centroferiascordoba.com\/\"},{\"@type\":\"ListItem\",\"position\":2,\"name\":\"reunion anual sociedad nuclear espa\u00f1ola 2024\"}]},{\"@type\":\"WebSite\",\"@id\":\"https:\/\/centroferiascordoba.com\/#website\",\"url\":\"https:\/\/centroferiascordoba.com\/\",\"name\":\"CEFC\",\"description\":\"Sitio Web Oficial Centro de Exposiciones, Ferias y Convenciones de C\u00f3rdoba\",\"potentialAction\":[{\"@type\":\"SearchAction\",\"target\":{\"@type\":\"EntryPoint\",\"urlTemplate\":\"https:\/\/centroferiascordoba.com\/?s={search_term_string}\"},\"query-input\":\"required name=search_term_string\"}],\"inLanguage\":\"en-GB\"}]}<\/script>\n<!-- \/ Yoast SEO plugin. -->","yoast_head_json":{"title":"Fotos de la Reuni\u00f3n Anual Sociedad Nuclear Espa\u00f1ola 2024","description":"Explora las fotos e im\u00e1genes de la Reuni\u00f3n Anual de la Sociedad Nuclear Espa\u00f1ola 2024 en C\u00f3rdoba. Galer\u00eda de fotos oficial del CEFC SNE 2024","robots":{"index":"index","follow":"follow","max-snippet":"max-snippet:-1","max-image-preview":"max-image-preview:large","max-video-preview":"max-video-preview:-1"},"canonical":"https:\/\/centroferiascordoba.com\/en\/reunion-anual-sociedad-nuclear-espanola-2024\/","og_locale":"en_GB","og_type":"article","og_title":"Fotos de la Reuni\u00f3n Anual Sociedad Nuclear Espa\u00f1ola 2024","og_description":"Explora las fotos e im\u00e1genes de la Reuni\u00f3n Anual de la Sociedad Nuclear Espa\u00f1ola 2024 en C\u00f3rdoba. Galer\u00eda de fotos oficial del CEFC SNE 2024","og_url":"https:\/\/centroferiascordoba.com\/en\/reunion-anual-sociedad-nuclear-espanola-2024\/","og_site_name":"CEFC","article_modified_time":"2024-10-15T11:53:14+00:00","og_image":[{"url":"https:\/\/centroferiascordoba.com\/wp-content\/uploads\/2024\/09\/Diseno-sin-titulo-65.png"}],"twitter_card":"summary_large_image","twitter_misc":{"Estimated reading time":"3 minutes"},"schema":{"@context":"https:\/\/schema.org","@graph":[{"@type":"WebPage","@id":"https:\/\/centroferiascordoba.com\/reunion-anual-sociedad-nuclear-espanola-2024\/","url":"https:\/\/centroferiascordoba.com\/reunion-anual-sociedad-nuclear-espanola-2024\/","name":"Fotos de la Reuni\u00f3n Anual Sociedad Nuclear Espa\u00f1ola 2024","isPartOf":{"@id":"https:\/\/centroferiascordoba.com\/#website"},"datePublished":"2024-10-12T12:30:57+00:00","dateModified":"2024-10-15T11:53:14+00:00","description":"Explora las fotos e im\u00e1genes de la Reuni\u00f3n Anual de la Sociedad Nuclear Espa\u00f1ola 2024 en C\u00f3rdoba. Galer\u00eda de fotos oficial del CEFC SNE 2024","breadcrumb":{"@id":"https:\/\/centroferiascordoba.com\/reunion-anual-sociedad-nuclear-espanola-2024\/#breadcrumb"},"inLanguage":"en-GB","potentialAction":[{"@type":"ReadAction","target":["https:\/\/centroferiascordoba.com\/reunion-anual-sociedad-nuclear-espanola-2024\/"]}]},{"@type":"BreadcrumbList","@id":"https:\/\/centroferiascordoba.com\/reunion-anual-sociedad-nuclear-espanola-2024\/#breadcrumb","itemListElement":[{"@type":"ListItem","position":1,"name":"Portada","item":"https:\/\/centroferiascordoba.com\/"},{"@type":"ListItem","position":2,"name":"reunion anual sociedad nuclear espa\u00f1ola 2024"}]},{"@type":"WebSite","@id":"https:\/\/centroferiascordoba.com\/#website","url":"https:\/\/centroferiascordoba.com\/","name":"CEFC","description":"Sitio Web Oficial Centro de Exposiciones, Ferias y Convenciones de C\u00f3rdoba","potentialAction":[{"@type":"SearchAction","target":{"@type":"EntryPoint","urlTemplate":"https:\/\/centroferiascordoba.com\/?s={search_term_string}"},"query-input":"required name=search_term_string"}],"inLanguage":"en-GB"}]}},"_links":{"self":[{"href":"https:\/\/centroferiascordoba.com\/en\/wp-json\/wp\/v2\/pages\/4195","targetHints":{"allow":["GET"]}}],"collection":[{"href":"https:\/\/centroferiascordoba.com\/en\/wp-json\/wp\/v2\/pages"}],"about":[{"href":"https:\/\/centroferiascordoba.com\/en\/wp-json\/wp\/v2\/types\/page"}],"author":[{"embeddable":true,"href":"https:\/\/centroferiascordoba.com\/en\/wp-json\/wp\/v2\/users\/10"}],"replies":[{"embeddable":true,"href":"https:\/\/centroferiascordoba.com\/en\/wp-json\/wp\/v2\/comments?post=4195"}],"version-history":[{"count":19,"href":"https:\/\/centroferiascordoba.com\/en\/wp-json\/wp\/v2\/pages\/4195\/revisions"}],"predecessor-version":[{"id":4505,"href":"https:\/\/centroferiascordoba.com\/en\/wp-json\/wp\/v2\/pages\/4195\/revisions\/4505"}],"wp:attachment":[{"href":"https:\/\/centroferiascordoba.com\/en\/wp-json\/wp\/v2\/media?parent=4195"}],"curies":[{"name":"wp","href":"https:\/\/api.w.org\/{rel}","templated":true}]}}