{"id":4302,"date":"2024-10-15T09:50:06","date_gmt":"2024-10-15T09:50:06","guid":{"rendered":"https:\/\/centroferiascordoba.com\/?page_id=4302"},"modified":"2024-10-15T09:50:06","modified_gmt":"2024-10-15T09:50:06","slug":"congreso-nacional-de-hosteleria-hospitalaria-2","status":"publish","type":"page","link":"https:\/\/centroferiascordoba.com\/en\/congreso-nacional-de-hosteleria-hospitalaria-2\/","title":{"rendered":"Congreso Nacional de Hosteler\u00eda Hospitalaria"},"content":{"rendered":"","protected":false},"excerpt":{"rendered":"","protected":false},"author":11,"featured_media":0,"parent":0,"menu_order":0,"comment_status":"closed","ping_status":"closed","template":"","meta":{"footnotes":""},"class_list":["post-4302","page","type-page","status-publish"],"yoast_head":"<!-- This site is optimized with the Yoast SEO plugin v20.1 - https:\/\/yoast.com\/wordpress\/plugins\/seo\/ -->\n<title>Congreso Nacional de Hosteler\u00eda Hospitalaria<\/title>\n<meta name=\"description\" content=\"Revive los momentos clave del Congreso Nacional de Hosteler\u00eda Hospitalaria, donde se presentaron las \u00faltimas tendencias.\" \/>\n<meta name=\"robots\" content=\"index, follow, max-snippet:-1, max-image-preview:large, max-video-preview:-1\" \/>\n<link rel=\"canonical\" href=\"https:\/\/centroferiascordoba.com\/en\/congreso-nacional-de-hosteleria-hospitalaria-2\/\" \/>\n<meta property=\"og:locale\" content=\"en_GB\" \/>\n<meta property=\"og:type\" content=\"article\" \/>\n<meta property=\"og:title\" content=\"Congreso Nacional de Hosteler\u00eda Hospitalaria\" \/>\n<meta property=\"og:description\" content=\"Revive los momentos clave del Congreso Nacional de Hosteler\u00eda Hospitalaria, donde se presentaron las \u00faltimas tendencias.\" \/>\n<meta property=\"og:url\" content=\"https:\/\/centroferiascordoba.com\/en\/congreso-nacional-de-hosteleria-hospitalaria-2\/\" \/>\n<meta property=\"og:site_name\" content=\"CEFC\" \/>\n<meta name=\"twitter:card\" content=\"summary_large_image\" \/>\n<script type=\"application\/ld+json\" class=\"yoast-schema-graph\">{\"@context\":\"https:\/\/schema.org\",\"@graph\":[{\"@type\":\"WebPage\",\"@id\":\"https:\/\/centroferiascordoba.com\/congreso-nacional-de-hosteleria-hospitalaria-2\/\",\"url\":\"https:\/\/centroferiascordoba.com\/congreso-nacional-de-hosteleria-hospitalaria-2\/\",\"name\":\"Congreso Nacional de Hosteler\u00eda Hospitalaria\",\"isPartOf\":{\"@id\":\"https:\/\/centroferiascordoba.com\/#website\"},\"datePublished\":\"2024-10-15T09:50:06+00:00\",\"dateModified\":\"2024-10-15T09:50:06+00:00\",\"description\":\"Revive los momentos clave del Congreso Nacional de Hosteler\u00eda Hospitalaria, donde se presentaron las \u00faltimas tendencias.\",\"breadcrumb\":{\"@id\":\"https:\/\/centroferiascordoba.com\/congreso-nacional-de-hosteleria-hospitalaria-2\/#breadcrumb\"},\"inLanguage\":\"en-GB\",\"potentialAction\":[{\"@type\":\"ReadAction\",\"target\":[\"https:\/\/centroferiascordoba.com\/congreso-nacional-de-hosteleria-hospitalaria-2\/\"]}]},{\"@type\":\"BreadcrumbList\",\"@id\":\"https:\/\/centroferiascordoba.com\/congreso-nacional-de-hosteleria-hospitalaria-2\/#breadcrumb\",\"itemListElement\":[{\"@type\":\"ListItem\",\"position\":1,\"name\":\"Portada\",\"item\":\"https:\/\/centroferiascordoba.com\/\"},{\"@type\":\"ListItem\",\"position\":2,\"name\":\"Congreso Nacional de Hosteler\u00eda Hospitalaria\"}]},{\"@type\":\"WebSite\",\"@id\":\"https:\/\/centroferiascordoba.com\/#website\",\"url\":\"https:\/\/centroferiascordoba.com\/\",\"name\":\"CEFC\",\"description\":\"Sitio Web Oficial Centro de Exposiciones, Ferias y Convenciones de C\u00f3rdoba\",\"potentialAction\":[{\"@type\":\"SearchAction\",\"target\":{\"@type\":\"EntryPoint\",\"urlTemplate\":\"https:\/\/centroferiascordoba.com\/?s={search_term_string}\"},\"query-input\":\"required name=search_term_string\"}],\"inLanguage\":\"en-GB\"}]}<\/script>\n<!-- \/ Yoast SEO plugin. -->","yoast_head_json":{"title":"Congreso Nacional de Hosteler\u00eda Hospitalaria","description":"Revive los momentos clave del Congreso Nacional de Hosteler\u00eda Hospitalaria, donde se presentaron las \u00faltimas tendencias.","robots":{"index":"index","follow":"follow","max-snippet":"max-snippet:-1","max-image-preview":"max-image-preview:large","max-video-preview":"max-video-preview:-1"},"canonical":"https:\/\/centroferiascordoba.com\/en\/congreso-nacional-de-hosteleria-hospitalaria-2\/","og_locale":"en_GB","og_type":"article","og_title":"Congreso Nacional de Hosteler\u00eda Hospitalaria","og_description":"Revive los momentos clave del Congreso Nacional de Hosteler\u00eda Hospitalaria, donde se presentaron las \u00faltimas tendencias.","og_url":"https:\/\/centroferiascordoba.com\/en\/congreso-nacional-de-hosteleria-hospitalaria-2\/","og_site_name":"CEFC","twitter_card":"summary_large_image","schema":{"@context":"https:\/\/schema.org","@graph":[{"@type":"WebPage","@id":"https:\/\/centroferiascordoba.com\/congreso-nacional-de-hosteleria-hospitalaria-2\/","url":"https:\/\/centroferiascordoba.com\/congreso-nacional-de-hosteleria-hospitalaria-2\/","name":"Congreso Nacional de Hosteler\u00eda Hospitalaria","isPartOf":{"@id":"https:\/\/centroferiascordoba.com\/#website"},"datePublished":"2024-10-15T09:50:06+00:00","dateModified":"2024-10-15T09:50:06+00:00","description":"Revive los momentos clave del Congreso Nacional de Hosteler\u00eda Hospitalaria, donde se presentaron las \u00faltimas tendencias.","breadcrumb":{"@id":"https:\/\/centroferiascordoba.com\/congreso-nacional-de-hosteleria-hospitalaria-2\/#breadcrumb"},"inLanguage":"en-GB","potentialAction":[{"@type":"ReadAction","target":["https:\/\/centroferiascordoba.com\/congreso-nacional-de-hosteleria-hospitalaria-2\/"]}]},{"@type":"BreadcrumbList","@id":"https:\/\/centroferiascordoba.com\/congreso-nacional-de-hosteleria-hospitalaria-2\/#breadcrumb","itemListElement":[{"@type":"ListItem","position":1,"name":"Portada","item":"https:\/\/centroferiascordoba.com\/"},{"@type":"ListItem","position":2,"name":"Congreso Nacional de Hosteler\u00eda Hospitalaria"}]},{"@type":"WebSite","@id":"https:\/\/centroferiascordoba.com\/#website","url":"https:\/\/centroferiascordoba.com\/","name":"CEFC","description":"Sitio Web Oficial Centro de Exposiciones, Ferias y Convenciones de C\u00f3rdoba","potentialAction":[{"@type":"SearchAction","target":{"@type":"EntryPoint","urlTemplate":"https:\/\/centroferiascordoba.com\/?s={search_term_string}"},"query-input":"required name=search_term_string"}],"inLanguage":"en-GB"}]}},"_links":{"self":[{"href":"https:\/\/centroferiascordoba.com\/en\/wp-json\/wp\/v2\/pages\/4302","targetHints":{"allow":["GET"]}}],"collection":[{"href":"https:\/\/centroferiascordoba.com\/en\/wp-json\/wp\/v2\/pages"}],"about":[{"href":"https:\/\/centroferiascordoba.com\/en\/wp-json\/wp\/v2\/types\/page"}],"author":[{"embeddable":true,"href":"https:\/\/centroferiascordoba.com\/en\/wp-json\/wp\/v2\/users\/11"}],"replies":[{"embeddable":true,"href":"https:\/\/centroferiascordoba.com\/en\/wp-json\/wp\/v2\/comments?post=4302"}],"version-history":[{"count":1,"href":"https:\/\/centroferiascordoba.com\/en\/wp-json\/wp\/v2\/pages\/4302\/revisions"}],"predecessor-version":[{"id":4303,"href":"https:\/\/centroferiascordoba.com\/en\/wp-json\/wp\/v2\/pages\/4302\/revisions\/4303"}],"wp:attachment":[{"href":"https:\/\/centroferiascordoba.com\/en\/wp-json\/wp\/v2\/media?parent=4302"}],"curies":[{"name":"wp","href":"https:\/\/api.w.org\/{rel}","templated":true}]}}