{"id":4318,"date":"2024-10-15T10:05:09","date_gmt":"2024-10-15T10:05:09","guid":{"rendered":"https:\/\/centroferiascordoba.com\/?page_id=4318"},"modified":"2024-11-06T12:06:22","modified_gmt":"2024-11-06T12:06:22","slug":"congreso-on-industry-4-0-2","status":"publish","type":"page","link":"https:\/\/centroferiascordoba.com\/en\/congreso-on-industry-4-0-2\/","title":{"rendered":"Congreso on Industry 4.0"},"content":{"rendered":"<div data-elementor-type=\"wp-page\" data-elementor-id=\"4318\" class=\"elementor elementor-4318\" data-elementor-post-type=\"page\">\n\t\t\t\t<div class=\"elementor-element elementor-element-bdb2a42 e-flex e-con-boxed e-con e-parent\" data-id=\"bdb2a42\" data-element_type=\"container\">\n\t\t\t\t\t<div class=\"e-con-inner\">\n\t\t\t\t<div class=\"elementor-element elementor-element-5299b76 elementor-widget elementor-widget-image-gallery\" data-id=\"5299b76\" data-element_type=\"widget\" data-widget_type=\"image-gallery.default\">\n\t\t\t\t<div class=\"elementor-widget-container\">\n\t\t\t\t\t<div class=\"elementor-image-gallery\">\n\t\t\t<div id='gallery-1' class='gallery galleryid-4318 gallery-columns-2 gallery-size-full'><figure class='gallery-item'>\n\t\t\t<div class='gallery-icon landscape'>\n\t\t\t\t<a data-elementor-open-lightbox=\"yes\" data-elementor-lightbox-slideshow=\"5299b76\" data-elementor-lightbox-title=\"Stants Industry 4.0\" data-e-action-hash=\"#elementor-action%3Aaction%3Dlightbox%26settings%3DeyJpZCI6NDMxNywidXJsIjoiaHR0cHM6XC9cL2NlbnRyb2Zlcmlhc2NvcmRvYmEuY29tXC93cC1jb250ZW50XC91cGxvYWRzXC8yMDI0XC8xMFwvb24tNjYtMTAyNHg2ODMtMS5qcGciLCJzbGlkZXNob3ciOiI1Mjk5Yjc2In0%3D\" href='https:\/\/centroferiascordoba.com\/wp-content\/uploads\/2024\/10\/on-66-1024x683-1.jpg'><img fetchpriority=\"high\" decoding=\"async\" width=\"1024\" height=\"683\" src=\"https:\/\/centroferiascordoba.com\/wp-content\/uploads\/2024\/10\/on-66-1024x683-1.jpg\" class=\"attachment-full size-full\" alt=\"Stants Industry 4.0\" srcset=\"https:\/\/centroferiascordoba.com\/wp-content\/uploads\/2024\/10\/on-66-1024x683-1.jpg 1024w, https:\/\/centroferiascordoba.com\/wp-content\/uploads\/2024\/10\/on-66-1024x683-1-300x200.jpg 300w, https:\/\/centroferiascordoba.com\/wp-content\/uploads\/2024\/10\/on-66-1024x683-1-768x512.jpg 768w\" sizes=\"(max-width: 1024px) 100vw, 1024px\" \/><\/a>\n\t\t\t<\/div><\/figure><figure class='gallery-item'>\n\t\t\t<div class='gallery-icon landscape'>\n\t\t\t\t<a data-elementor-open-lightbox=\"yes\" data-elementor-lightbox-slideshow=\"5299b76\" data-elementor-lightbox-title=\"Stants Industry 4.0 1\" data-e-action-hash=\"#elementor-action%3Aaction%3Dlightbox%26settings%3DeyJpZCI6NDMxNiwidXJsIjoiaHR0cHM6XC9cL2NlbnRyb2Zlcmlhc2NvcmRvYmEuY29tXC93cC1jb250ZW50XC91cGxvYWRzXC8yMDI0XC8xMFwvb24tNjUtMTAyNHg2ODMtMS5qcGciLCJzbGlkZXNob3ciOiI1Mjk5Yjc2In0%3D\" href='https:\/\/centroferiascordoba.com\/wp-content\/uploads\/2024\/10\/on-65-1024x683-1.jpg'><img decoding=\"async\" width=\"1024\" height=\"683\" src=\"https:\/\/centroferiascordoba.com\/wp-content\/uploads\/2024\/10\/on-65-1024x683-1.jpg\" class=\"attachment-full size-full\" alt=\"Stants Industry 4.0 1\" srcset=\"https:\/\/centroferiascordoba.com\/wp-content\/uploads\/2024\/10\/on-65-1024x683-1.jpg 1024w, https:\/\/centroferiascordoba.com\/wp-content\/uploads\/2024\/10\/on-65-1024x683-1-300x200.jpg 300w, https:\/\/centroferiascordoba.com\/wp-content\/uploads\/2024\/10\/on-65-1024x683-1-768x512.jpg 768w\" sizes=\"(max-width: 1024px) 100vw, 1024px\" \/><\/a>\n\t\t\t<\/div><\/figure><figure class='gallery-item'>\n\t\t\t<div class='gallery-icon landscape'>\n\t\t\t\t<a data-elementor-open-lightbox=\"yes\" data-elementor-lightbox-slideshow=\"5299b76\" data-elementor-lightbox-title=\"Stants Industry 4.0 2\" data-e-action-hash=\"#elementor-action%3Aaction%3Dlightbox%26settings%3DeyJpZCI6NDMxNSwidXJsIjoiaHR0cHM6XC9cL2NlbnRyb2Zlcmlhc2NvcmRvYmEuY29tXC93cC1jb250ZW50XC91cGxvYWRzXC8yMDI0XC8xMFwvb24tNjMtMS0xMDI0eDY4My0xLmpwZyIsInNsaWRlc2hvdyI6IjUyOTliNzYifQ%3D%3D\" href='https:\/\/centroferiascordoba.com\/wp-content\/uploads\/2024\/10\/on-63-1-1024x683-1.jpg'><img decoding=\"async\" width=\"1024\" height=\"683\" src=\"https:\/\/centroferiascordoba.com\/wp-content\/uploads\/2024\/10\/on-63-1-1024x683-1.jpg\" class=\"attachment-full size-full\" alt=\"Stants Industry 4.0 2\" srcset=\"https:\/\/centroferiascordoba.com\/wp-content\/uploads\/2024\/10\/on-63-1-1024x683-1.jpg 1024w, https:\/\/centroferiascordoba.com\/wp-content\/uploads\/2024\/10\/on-63-1-1024x683-1-300x200.jpg 300w, https:\/\/centroferiascordoba.com\/wp-content\/uploads\/2024\/10\/on-63-1-1024x683-1-768x512.jpg 768w\" sizes=\"(max-width: 1024px) 100vw, 1024px\" \/><\/a>\n\t\t\t<\/div><\/figure><figure class='gallery-item'>\n\t\t\t<div class='gallery-icon landscape'>\n\t\t\t\t<a data-elementor-open-lightbox=\"yes\" data-elementor-lightbox-slideshow=\"5299b76\" data-elementor-lightbox-title=\"Organizacion Industry 4.0\" data-e-action-hash=\"#elementor-action%3Aaction%3Dlightbox%26settings%3DeyJpZCI6NDMxNCwidXJsIjoiaHR0cHM6XC9cL2NlbnRyb2Zlcmlhc2NvcmRvYmEuY29tXC93cC1jb250ZW50XC91cGxvYWRzXC8yMDI0XC8xMFwvMjAyMzA1MTBfMTkwMzU5LTEwMjR4NzY4LTEuanBnIiwic2xpZGVzaG93IjoiNTI5OWI3NiJ9\" href='https:\/\/centroferiascordoba.com\/wp-content\/uploads\/2024\/10\/20230510_190359-1024x768-1.jpg'><img loading=\"lazy\" decoding=\"async\" width=\"1024\" height=\"768\" src=\"https:\/\/centroferiascordoba.com\/wp-content\/uploads\/2024\/10\/20230510_190359-1024x768-1.jpg\" class=\"attachment-full size-full\" alt=\"Organizacion Industry 4.0\" srcset=\"https:\/\/centroferiascordoba.com\/wp-content\/uploads\/2024\/10\/20230510_190359-1024x768-1.jpg 1024w, https:\/\/centroferiascordoba.com\/wp-content\/uploads\/2024\/10\/20230510_190359-1024x768-1-300x225.jpg 300w, https:\/\/centroferiascordoba.com\/wp-content\/uploads\/2024\/10\/20230510_190359-1024x768-1-768x576.jpg 768w\" sizes=\"(max-width: 1024px) 100vw, 1024px\" \/><\/a>\n\t\t\t<\/div><\/figure><figure class='gallery-item'>\n\t\t\t<div class='gallery-icon landscape'>\n\t\t\t\t<a data-elementor-open-lightbox=\"yes\" data-elementor-lightbox-slideshow=\"5299b76\" data-elementor-lightbox-title=\"Organizacion Industry 4.0 1\" data-e-action-hash=\"#elementor-action%3Aaction%3Dlightbox%26settings%3DeyJpZCI6NDMxMywidXJsIjoiaHR0cHM6XC9cL2NlbnRyb2Zlcmlhc2NvcmRvYmEuY29tXC93cC1jb250ZW50XC91cGxvYWRzXC8yMDI0XC8xMFwvMjAyMzA0MTJfMDk1MzQzLTEwMjR4NzY4LTIuanBnIiwic2xpZGVzaG93IjoiNTI5OWI3NiJ9\" href='https:\/\/centroferiascordoba.com\/wp-content\/uploads\/2024\/10\/20230412_095343-1024x768-2.jpg'><img loading=\"lazy\" decoding=\"async\" width=\"1024\" height=\"768\" src=\"https:\/\/centroferiascordoba.com\/wp-content\/uploads\/2024\/10\/20230412_095343-1024x768-2.jpg\" class=\"attachment-full size-full\" alt=\"Organizacion Industry 4.0 1\" srcset=\"https:\/\/centroferiascordoba.com\/wp-content\/uploads\/2024\/10\/20230412_095343-1024x768-2.jpg 1024w, https:\/\/centroferiascordoba.com\/wp-content\/uploads\/2024\/10\/20230412_095343-1024x768-2-300x225.jpg 300w, https:\/\/centroferiascordoba.com\/wp-content\/uploads\/2024\/10\/20230412_095343-1024x768-2-768x576.jpg 768w\" sizes=\"(max-width: 1024px) 100vw, 1024px\" \/><\/a>\n\t\t\t<\/div><\/figure><figure class='gallery-item'>\n\t\t\t<div class='gallery-icon landscape'>\n\t\t\t\t<a data-elementor-open-lightbox=\"yes\" data-elementor-lightbox-slideshow=\"5299b76\" data-elementor-lightbox-title=\"Organizacion Industry 4.0 2\" data-e-action-hash=\"#elementor-action%3Aaction%3Dlightbox%26settings%3DeyJpZCI6NDMxMCwidXJsIjoiaHR0cHM6XC9cL2NlbnRyb2Zlcmlhc2NvcmRvYmEuY29tXC93cC1jb250ZW50XC91cGxvYWRzXC8yMDI0XC8xMFwvMjAyMzA0MTJfMDkxODI5LTEwMjR4NzY4LTEuanBnIiwic2xpZGVzaG93IjoiNTI5OWI3NiJ9\" href='https:\/\/centroferiascordoba.com\/wp-content\/uploads\/2024\/10\/20230412_091829-1024x768-1.jpg'><img loading=\"lazy\" decoding=\"async\" width=\"1024\" height=\"768\" src=\"https:\/\/centroferiascordoba.com\/wp-content\/uploads\/2024\/10\/20230412_091829-1024x768-1.jpg\" class=\"attachment-full size-full\" alt=\"Organizacion Industry 4.0 2\" srcset=\"https:\/\/centroferiascordoba.com\/wp-content\/uploads\/2024\/10\/20230412_091829-1024x768-1.jpg 1024w, https:\/\/centroferiascordoba.com\/wp-content\/uploads\/2024\/10\/20230412_091829-1024x768-1-300x225.jpg 300w, https:\/\/centroferiascordoba.com\/wp-content\/uploads\/2024\/10\/20230412_091829-1024x768-1-768x576.jpg 768w\" sizes=\"(max-width: 1024px) 100vw, 1024px\" \/><\/a>\n\t\t\t<\/div><\/figure>\n\t\t<\/div>\n\t\t<\/div>\n\t\t\t\t<\/div>\n\t\t\t\t<\/div>\n\t\t\t\t\t<\/div>\n\t\t\t\t<\/div>\n\t\t\t\t<\/div>","protected":false},"excerpt":{"rendered":"","protected":false},"author":11,"featured_media":0,"parent":0,"menu_order":0,"comment_status":"closed","ping_status":"closed","template":"","meta":{"footnotes":""},"class_list":["post-4318","page","type-page","status-publish"],"yoast_head":"<!-- This site is optimized with the Yoast SEO plugin v20.1 - https:\/\/yoast.com\/wordpress\/plugins\/seo\/ -->\n<title>Congreso on Industry 4.0 Congreso on Industry 4.0 -<\/title>\n<meta name=\"description\" content=\"Sum\u00e9rgete en las im\u00e1genes del Congreso sobre Industry 4.0, donde se exploraron las tecnolog\u00edas m\u00e1s avanzadas.\" \/>\n<meta name=\"robots\" content=\"index, follow, max-snippet:-1, max-image-preview:large, max-video-preview:-1\" \/>\n<link rel=\"canonical\" href=\"https:\/\/centroferiascordoba.com\/en\/congreso-on-industry-4-0-2\/\" \/>\n<meta property=\"og:locale\" content=\"en_GB\" \/>\n<meta property=\"og:type\" content=\"article\" \/>\n<meta property=\"og:title\" content=\"Congreso on Industry 4.0 Congreso on Industry 4.0 -\" \/>\n<meta property=\"og:description\" content=\"Sum\u00e9rgete en las im\u00e1genes del Congreso sobre Industry 4.0, donde se exploraron las tecnolog\u00edas m\u00e1s avanzadas.\" \/>\n<meta property=\"og:url\" content=\"https:\/\/centroferiascordoba.com\/en\/congreso-on-industry-4-0-2\/\" \/>\n<meta property=\"og:site_name\" content=\"CEFC\" \/>\n<meta property=\"article:modified_time\" content=\"2024-11-06T12:06:22+00:00\" \/>\n<meta property=\"og:image\" content=\"https:\/\/centroferiascordoba.com\/wp-content\/uploads\/2024\/10\/on-66-1024x683-1.jpg\" \/>\n<meta name=\"twitter:card\" content=\"summary_large_image\" \/>\n<meta name=\"twitter:label1\" content=\"Estimated reading time\" \/>\n\t<meta name=\"twitter:data1\" content=\"2 minutes\" \/>\n<script type=\"application\/ld+json\" class=\"yoast-schema-graph\">{\"@context\":\"https:\/\/schema.org\",\"@graph\":[{\"@type\":\"WebPage\",\"@id\":\"https:\/\/centroferiascordoba.com\/congreso-on-industry-4-0-2\/\",\"url\":\"https:\/\/centroferiascordoba.com\/congreso-on-industry-4-0-2\/\",\"name\":\"Congreso on Industry 4.0 Congreso on Industry 4.0 -\",\"isPartOf\":{\"@id\":\"https:\/\/centroferiascordoba.com\/#website\"},\"datePublished\":\"2024-10-15T10:05:09+00:00\",\"dateModified\":\"2024-11-06T12:06:22+00:00\",\"description\":\"Sum\u00e9rgete en las im\u00e1genes del Congreso sobre Industry 4.0, donde se exploraron las tecnolog\u00edas m\u00e1s avanzadas.\",\"breadcrumb\":{\"@id\":\"https:\/\/centroferiascordoba.com\/congreso-on-industry-4-0-2\/#breadcrumb\"},\"inLanguage\":\"en-GB\",\"potentialAction\":[{\"@type\":\"ReadAction\",\"target\":[\"https:\/\/centroferiascordoba.com\/congreso-on-industry-4-0-2\/\"]}]},{\"@type\":\"BreadcrumbList\",\"@id\":\"https:\/\/centroferiascordoba.com\/congreso-on-industry-4-0-2\/#breadcrumb\",\"itemListElement\":[{\"@type\":\"ListItem\",\"position\":1,\"name\":\"Portada\",\"item\":\"https:\/\/centroferiascordoba.com\/\"},{\"@type\":\"ListItem\",\"position\":2,\"name\":\"Congreso on Industry 4.0\"}]},{\"@type\":\"WebSite\",\"@id\":\"https:\/\/centroferiascordoba.com\/#website\",\"url\":\"https:\/\/centroferiascordoba.com\/\",\"name\":\"CEFC\",\"description\":\"Sitio Web Oficial Centro de Exposiciones, Ferias y Convenciones de C\u00f3rdoba\",\"potentialAction\":[{\"@type\":\"SearchAction\",\"target\":{\"@type\":\"EntryPoint\",\"urlTemplate\":\"https:\/\/centroferiascordoba.com\/?s={search_term_string}\"},\"query-input\":\"required name=search_term_string\"}],\"inLanguage\":\"en-GB\"}]}<\/script>\n<!-- \/ Yoast SEO plugin. -->","yoast_head_json":{"title":"Congreso on Industry 4.0 Congreso on Industry 4.0 -","description":"Sum\u00e9rgete en las im\u00e1genes del Congreso sobre Industry 4.0, donde se exploraron las tecnolog\u00edas m\u00e1s avanzadas.","robots":{"index":"index","follow":"follow","max-snippet":"max-snippet:-1","max-image-preview":"max-image-preview:large","max-video-preview":"max-video-preview:-1"},"canonical":"https:\/\/centroferiascordoba.com\/en\/congreso-on-industry-4-0-2\/","og_locale":"en_GB","og_type":"article","og_title":"Congreso on Industry 4.0 Congreso on Industry 4.0 -","og_description":"Sum\u00e9rgete en las im\u00e1genes del Congreso sobre Industry 4.0, donde se exploraron las tecnolog\u00edas m\u00e1s avanzadas.","og_url":"https:\/\/centroferiascordoba.com\/en\/congreso-on-industry-4-0-2\/","og_site_name":"CEFC","article_modified_time":"2024-11-06T12:06:22+00:00","og_image":[{"url":"https:\/\/centroferiascordoba.com\/wp-content\/uploads\/2024\/10\/on-66-1024x683-1.jpg"}],"twitter_card":"summary_large_image","twitter_misc":{"Estimated reading time":"2 minutes"},"schema":{"@context":"https:\/\/schema.org","@graph":[{"@type":"WebPage","@id":"https:\/\/centroferiascordoba.com\/congreso-on-industry-4-0-2\/","url":"https:\/\/centroferiascordoba.com\/congreso-on-industry-4-0-2\/","name":"Congreso on Industry 4.0 Congreso on Industry 4.0 -","isPartOf":{"@id":"https:\/\/centroferiascordoba.com\/#website"},"datePublished":"2024-10-15T10:05:09+00:00","dateModified":"2024-11-06T12:06:22+00:00","description":"Sum\u00e9rgete en las im\u00e1genes del Congreso sobre Industry 4.0, donde se exploraron las tecnolog\u00edas m\u00e1s avanzadas.","breadcrumb":{"@id":"https:\/\/centroferiascordoba.com\/congreso-on-industry-4-0-2\/#breadcrumb"},"inLanguage":"en-GB","potentialAction":[{"@type":"ReadAction","target":["https:\/\/centroferiascordoba.com\/congreso-on-industry-4-0-2\/"]}]},{"@type":"BreadcrumbList","@id":"https:\/\/centroferiascordoba.com\/congreso-on-industry-4-0-2\/#breadcrumb","itemListElement":[{"@type":"ListItem","position":1,"name":"Portada","item":"https:\/\/centroferiascordoba.com\/"},{"@type":"ListItem","position":2,"name":"Congreso on Industry 4.0"}]},{"@type":"WebSite","@id":"https:\/\/centroferiascordoba.com\/#website","url":"https:\/\/centroferiascordoba.com\/","name":"CEFC","description":"Sitio Web Oficial Centro de Exposiciones, Ferias y Convenciones de C\u00f3rdoba","potentialAction":[{"@type":"SearchAction","target":{"@type":"EntryPoint","urlTemplate":"https:\/\/centroferiascordoba.com\/?s={search_term_string}"},"query-input":"required name=search_term_string"}],"inLanguage":"en-GB"}]}},"_links":{"self":[{"href":"https:\/\/centroferiascordoba.com\/en\/wp-json\/wp\/v2\/pages\/4318","targetHints":{"allow":["GET"]}}],"collection":[{"href":"https:\/\/centroferiascordoba.com\/en\/wp-json\/wp\/v2\/pages"}],"about":[{"href":"https:\/\/centroferiascordoba.com\/en\/wp-json\/wp\/v2\/types\/page"}],"author":[{"embeddable":true,"href":"https:\/\/centroferiascordoba.com\/en\/wp-json\/wp\/v2\/users\/11"}],"replies":[{"embeddable":true,"href":"https:\/\/centroferiascordoba.com\/en\/wp-json\/wp\/v2\/comments?post=4318"}],"version-history":[{"count":7,"href":"https:\/\/centroferiascordoba.com\/en\/wp-json\/wp\/v2\/pages\/4318\/revisions"}],"predecessor-version":[{"id":4661,"href":"https:\/\/centroferiascordoba.com\/en\/wp-json\/wp\/v2\/pages\/4318\/revisions\/4661"}],"wp:attachment":[{"href":"https:\/\/centroferiascordoba.com\/en\/wp-json\/wp\/v2\/media?parent=4318"}],"curies":[{"name":"wp","href":"https:\/\/api.w.org\/{rel}","templated":true}]}}