{"id":5832,"date":"2025-09-18T19:12:23","date_gmt":"2025-09-18T19:12:23","guid":{"rendered":"https:\/\/centroferiascordoba.com\/?page_id=5832"},"modified":"2025-09-18T19:17:46","modified_gmt":"2025-09-18T19:17:46","slug":"feria-climatizacion-auna-distribucion-de-la-zona-sur","status":"publish","type":"page","link":"https:\/\/centroferiascordoba.com\/en\/feria-climatizacion-auna-distribucion-de-la-zona-sur\/","title":{"rendered":"FERIA CLIMATIZACI\u00d3N &#8211; A\u00daNA Distribuci\u00f3n de la Zona Sur"},"content":{"rendered":"<div data-elementor-type=\"wp-page\" data-elementor-id=\"5832\" class=\"elementor elementor-5832\" data-elementor-post-type=\"page\">\n\t\t\t\t<div class=\"elementor-element elementor-element-014200d e-flex e-con-boxed e-con e-parent\" data-id=\"014200d\" data-element_type=\"container\">\n\t\t\t\t\t<div class=\"e-con-inner\">\n\t\t\t\t<div class=\"elementor-element elementor-element-b9cbfed elementor-widget elementor-widget-gallery\" data-id=\"b9cbfed\" data-element_type=\"widget\" data-settings=\"{&quot;columns&quot;:3,&quot;lazyload&quot;:&quot;yes&quot;,&quot;gallery_layout&quot;:&quot;grid&quot;,&quot;columns_tablet&quot;:2,&quot;columns_mobile&quot;:1,&quot;gap&quot;:{&quot;unit&quot;:&quot;px&quot;,&quot;size&quot;:10,&quot;sizes&quot;:[]},&quot;gap_tablet&quot;:{&quot;unit&quot;:&quot;px&quot;,&quot;size&quot;:10,&quot;sizes&quot;:[]},&quot;gap_mobile&quot;:{&quot;unit&quot;:&quot;px&quot;,&quot;size&quot;:10,&quot;sizes&quot;:[]},&quot;link_to&quot;:&quot;file&quot;,&quot;aspect_ratio&quot;:&quot;3:2&quot;,&quot;overlay_background&quot;:&quot;yes&quot;,&quot;content_hover_animation&quot;:&quot;fade-in&quot;}\" data-widget_type=\"gallery.default\">\n\t\t\t\t<div class=\"elementor-widget-container\">\n\t\t\t\t\t<div class=\"elementor-gallery__container\">\n\t\t\t\t\t\t\t<a class=\"e-gallery-item elementor-gallery-item elementor-animated-content\" href=\"https:\/\/centroferiascordoba.com\/wp-content\/uploads\/2025\/09\/A7400298-scaled.jpg\" data-elementor-open-lightbox=\"yes\" data-elementor-lightbox-slideshow=\"b9cbfed\" data-elementor-lightbox-title=\"A7400298\" data-e-action-hash=\"#elementor-action%3Aaction%3Dlightbox%26settings%3DeyJpZCI6NTgzNCwidXJsIjoiaHR0cHM6XC9cL2NlbnRyb2Zlcmlhc2NvcmRvYmEuY29tXC93cC1jb250ZW50XC91cGxvYWRzXC8yMDI1XC8wOVwvQTc0MDAyOTgtc2NhbGVkLmpwZyIsInNsaWRlc2hvdyI6ImI5Y2JmZWQifQ%3D%3D\">\n\t\t\t\t\t<div class=\"e-gallery-image elementor-gallery-item__image\" data-thumbnail=\"https:\/\/centroferiascordoba.com\/wp-content\/uploads\/2025\/09\/A7400298-300x200.jpg\" data-width=\"300\" data-height=\"200\" aria-label=\"\" role=\"img\" ><\/div>\n\t\t\t\t\t\t\t\t\t\t\t<div class=\"elementor-gallery-item__overlay\"><\/div>\n\t\t\t\t\t\t\t\t\t\t\t\t\t\t<\/a>\n\t\t\t\t\t\t\t<a class=\"e-gallery-item elementor-gallery-item elementor-animated-content\" href=\"https:\/\/centroferiascordoba.com\/wp-content\/uploads\/2025\/09\/A7400309-scaled.jpg\" data-elementor-open-lightbox=\"yes\" data-elementor-lightbox-slideshow=\"b9cbfed\" data-elementor-lightbox-title=\"A7400309\" data-e-action-hash=\"#elementor-action%3Aaction%3Dlightbox%26settings%3DeyJpZCI6NTgzNSwidXJsIjoiaHR0cHM6XC9cL2NlbnRyb2Zlcmlhc2NvcmRvYmEuY29tXC93cC1jb250ZW50XC91cGxvYWRzXC8yMDI1XC8wOVwvQTc0MDAzMDktc2NhbGVkLmpwZyIsInNsaWRlc2hvdyI6ImI5Y2JmZWQifQ%3D%3D\">\n\t\t\t\t\t<div class=\"e-gallery-image elementor-gallery-item__image\" data-thumbnail=\"https:\/\/centroferiascordoba.com\/wp-content\/uploads\/2025\/09\/A7400309-300x200.jpg\" data-width=\"300\" data-height=\"200\" aria-label=\"\" role=\"img\" ><\/div>\n\t\t\t\t\t\t\t\t\t\t\t<div class=\"elementor-gallery-item__overlay\"><\/div>\n\t\t\t\t\t\t\t\t\t\t\t\t\t\t<\/a>\n\t\t\t\t\t\t\t<a class=\"e-gallery-item elementor-gallery-item elementor-animated-content\" href=\"https:\/\/centroferiascordoba.com\/wp-content\/uploads\/2025\/09\/A7400338-scaled.jpg\" data-elementor-open-lightbox=\"yes\" data-elementor-lightbox-slideshow=\"b9cbfed\" data-elementor-lightbox-title=\"A7400338\" data-e-action-hash=\"#elementor-action%3Aaction%3Dlightbox%26settings%3DeyJpZCI6NTgzNiwidXJsIjoiaHR0cHM6XC9cL2NlbnRyb2Zlcmlhc2NvcmRvYmEuY29tXC93cC1jb250ZW50XC91cGxvYWRzXC8yMDI1XC8wOVwvQTc0MDAzMzgtc2NhbGVkLmpwZyIsInNsaWRlc2hvdyI6ImI5Y2JmZWQifQ%3D%3D\">\n\t\t\t\t\t<div class=\"e-gallery-image elementor-gallery-item__image\" data-thumbnail=\"https:\/\/centroferiascordoba.com\/wp-content\/uploads\/2025\/09\/A7400338-200x300.jpg\" data-width=\"200\" data-height=\"300\" aria-label=\"\" role=\"img\" ><\/div>\n\t\t\t\t\t\t\t\t\t\t\t<div class=\"elementor-gallery-item__overlay\"><\/div>\n\t\t\t\t\t\t\t\t\t\t\t\t\t\t<\/a>\n\t\t\t\t\t\t\t<a class=\"e-gallery-item elementor-gallery-item elementor-animated-content\" href=\"https:\/\/centroferiascordoba.com\/wp-content\/uploads\/2025\/09\/A7400411-scaled.jpg\" data-elementor-open-lightbox=\"yes\" data-elementor-lightbox-slideshow=\"b9cbfed\" data-elementor-lightbox-title=\"A7400411\" data-e-action-hash=\"#elementor-action%3Aaction%3Dlightbox%26settings%3DeyJpZCI6NTgzOCwidXJsIjoiaHR0cHM6XC9cL2NlbnRyb2Zlcmlhc2NvcmRvYmEuY29tXC93cC1jb250ZW50XC91cGxvYWRzXC8yMDI1XC8wOVwvQTc0MDA0MTEtc2NhbGVkLmpwZyIsInNsaWRlc2hvdyI6ImI5Y2JmZWQifQ%3D%3D\">\n\t\t\t\t\t<div class=\"e-gallery-image elementor-gallery-item__image\" data-thumbnail=\"https:\/\/centroferiascordoba.com\/wp-content\/uploads\/2025\/09\/A7400411-300x200.jpg\" data-width=\"300\" data-height=\"200\" aria-label=\"\" role=\"img\" ><\/div>\n\t\t\t\t\t\t\t\t\t\t\t<div class=\"elementor-gallery-item__overlay\"><\/div>\n\t\t\t\t\t\t\t\t\t\t\t\t\t\t<\/a>\n\t\t\t\t\t\t\t<a class=\"e-gallery-item elementor-gallery-item elementor-animated-content\" href=\"https:\/\/centroferiascordoba.com\/wp-content\/uploads\/2025\/09\/A7400414-scaled.jpg\" data-elementor-open-lightbox=\"yes\" data-elementor-lightbox-slideshow=\"b9cbfed\" data-elementor-lightbox-title=\"A7400414\" data-e-action-hash=\"#elementor-action%3Aaction%3Dlightbox%26settings%3DeyJpZCI6NTgzOSwidXJsIjoiaHR0cHM6XC9cL2NlbnRyb2Zlcmlhc2NvcmRvYmEuY29tXC93cC1jb250ZW50XC91cGxvYWRzXC8yMDI1XC8wOVwvQTc0MDA0MTQtc2NhbGVkLmpwZyIsInNsaWRlc2hvdyI6ImI5Y2JmZWQifQ%3D%3D\">\n\t\t\t\t\t<div class=\"e-gallery-image elementor-gallery-item__image\" data-thumbnail=\"https:\/\/centroferiascordoba.com\/wp-content\/uploads\/2025\/09\/A7400414-300x200.jpg\" data-width=\"300\" data-height=\"200\" aria-label=\"\" role=\"img\" ><\/div>\n\t\t\t\t\t\t\t\t\t\t\t<div class=\"elementor-gallery-item__overlay\"><\/div>\n\t\t\t\t\t\t\t\t\t\t\t\t\t\t<\/a>\n\t\t\t\t\t\t\t<a class=\"e-gallery-item elementor-gallery-item elementor-animated-content\" href=\"https:\/\/centroferiascordoba.com\/wp-content\/uploads\/2025\/09\/A7400432-scaled.jpg\" data-elementor-open-lightbox=\"yes\" data-elementor-lightbox-slideshow=\"b9cbfed\" data-elementor-lightbox-title=\"A7400432\" data-e-action-hash=\"#elementor-action%3Aaction%3Dlightbox%26settings%3DeyJpZCI6NTg0MCwidXJsIjoiaHR0cHM6XC9cL2NlbnRyb2Zlcmlhc2NvcmRvYmEuY29tXC93cC1jb250ZW50XC91cGxvYWRzXC8yMDI1XC8wOVwvQTc0MDA0MzItc2NhbGVkLmpwZyIsInNsaWRlc2hvdyI6ImI5Y2JmZWQifQ%3D%3D\">\n\t\t\t\t\t<div class=\"e-gallery-image elementor-gallery-item__image\" data-thumbnail=\"https:\/\/centroferiascordoba.com\/wp-content\/uploads\/2025\/09\/A7400432-200x300.jpg\" data-width=\"200\" data-height=\"300\" aria-label=\"\" role=\"img\" ><\/div>\n\t\t\t\t\t\t\t\t\t\t\t<div class=\"elementor-gallery-item__overlay\"><\/div>\n\t\t\t\t\t\t\t\t\t\t\t\t\t\t<\/a>\n\t\t\t\t\t\t\t<a class=\"e-gallery-item elementor-gallery-item elementor-animated-content\" href=\"https:\/\/centroferiascordoba.com\/wp-content\/uploads\/2025\/09\/A7400523-scaled.jpg\" data-elementor-open-lightbox=\"yes\" data-elementor-lightbox-slideshow=\"b9cbfed\" data-elementor-lightbox-title=\"A7400523\" data-e-action-hash=\"#elementor-action%3Aaction%3Dlightbox%26settings%3DeyJpZCI6NTg0MSwidXJsIjoiaHR0cHM6XC9cL2NlbnRyb2Zlcmlhc2NvcmRvYmEuY29tXC93cC1jb250ZW50XC91cGxvYWRzXC8yMDI1XC8wOVwvQTc0MDA1MjMtc2NhbGVkLmpwZyIsInNsaWRlc2hvdyI6ImI5Y2JmZWQifQ%3D%3D\">\n\t\t\t\t\t<div class=\"e-gallery-image elementor-gallery-item__image\" data-thumbnail=\"https:\/\/centroferiascordoba.com\/wp-content\/uploads\/2025\/09\/A7400523-300x200.jpg\" data-width=\"300\" data-height=\"200\" aria-label=\"\" role=\"img\" ><\/div>\n\t\t\t\t\t\t\t\t\t\t\t<div class=\"elementor-gallery-item__overlay\"><\/div>\n\t\t\t\t\t\t\t\t\t\t\t\t\t\t<\/a>\n\t\t\t\t\t\t\t<a class=\"e-gallery-item elementor-gallery-item elementor-animated-content\" href=\"https:\/\/centroferiascordoba.com\/wp-content\/uploads\/2025\/09\/A7400530-scaled.jpg\" data-elementor-open-lightbox=\"yes\" data-elementor-lightbox-slideshow=\"b9cbfed\" data-elementor-lightbox-title=\"A7400530\" data-e-action-hash=\"#elementor-action%3Aaction%3Dlightbox%26settings%3DeyJpZCI6NTg0MiwidXJsIjoiaHR0cHM6XC9cL2NlbnRyb2Zlcmlhc2NvcmRvYmEuY29tXC93cC1jb250ZW50XC91cGxvYWRzXC8yMDI1XC8wOVwvQTc0MDA1MzAtc2NhbGVkLmpwZyIsInNsaWRlc2hvdyI6ImI5Y2JmZWQifQ%3D%3D\">\n\t\t\t\t\t<div class=\"e-gallery-image elementor-gallery-item__image\" data-thumbnail=\"https:\/\/centroferiascordoba.com\/wp-content\/uploads\/2025\/09\/A7400530-300x200.jpg\" data-width=\"300\" data-height=\"200\" aria-label=\"\" role=\"img\" ><\/div>\n\t\t\t\t\t\t\t\t\t\t\t<div class=\"elementor-gallery-item__overlay\"><\/div>\n\t\t\t\t\t\t\t\t\t\t\t\t\t\t<\/a>\n\t\t\t\t\t\t\t<a class=\"e-gallery-item elementor-gallery-item elementor-animated-content\" href=\"https:\/\/centroferiascordoba.com\/wp-content\/uploads\/2025\/09\/A7400574-scaled.jpg\" data-elementor-open-lightbox=\"yes\" data-elementor-lightbox-slideshow=\"b9cbfed\" data-elementor-lightbox-title=\"A7400574\" data-e-action-hash=\"#elementor-action%3Aaction%3Dlightbox%26settings%3DeyJpZCI6NTg0MywidXJsIjoiaHR0cHM6XC9cL2NlbnRyb2Zlcmlhc2NvcmRvYmEuY29tXC93cC1jb250ZW50XC91cGxvYWRzXC8yMDI1XC8wOVwvQTc0MDA1NzQtc2NhbGVkLmpwZyIsInNsaWRlc2hvdyI6ImI5Y2JmZWQifQ%3D%3D\">\n\t\t\t\t\t<div class=\"e-gallery-image elementor-gallery-item__image\" data-thumbnail=\"https:\/\/centroferiascordoba.com\/wp-content\/uploads\/2025\/09\/A7400574-300x200.jpg\" data-width=\"300\" data-height=\"200\" aria-label=\"\" role=\"img\" ><\/div>\n\t\t\t\t\t\t\t\t\t\t\t<div class=\"elementor-gallery-item__overlay\"><\/div>\n\t\t\t\t\t\t\t\t\t\t\t\t\t\t<\/a>\n\t\t\t\t\t\t\t<a class=\"e-gallery-item elementor-gallery-item elementor-animated-content\" href=\"https:\/\/centroferiascordoba.com\/wp-content\/uploads\/2025\/09\/A7400595-scaled.jpg\" data-elementor-open-lightbox=\"yes\" data-elementor-lightbox-slideshow=\"b9cbfed\" data-elementor-lightbox-title=\"A7400595\" data-e-action-hash=\"#elementor-action%3Aaction%3Dlightbox%26settings%3DeyJpZCI6NTg0NCwidXJsIjoiaHR0cHM6XC9cL2NlbnRyb2Zlcmlhc2NvcmRvYmEuY29tXC93cC1jb250ZW50XC91cGxvYWRzXC8yMDI1XC8wOVwvQTc0MDA1OTUtc2NhbGVkLmpwZyIsInNsaWRlc2hvdyI6ImI5Y2JmZWQifQ%3D%3D\">\n\t\t\t\t\t<div class=\"e-gallery-image elementor-gallery-item__image\" data-thumbnail=\"https:\/\/centroferiascordoba.com\/wp-content\/uploads\/2025\/09\/A7400595-300x200.jpg\" data-width=\"300\" data-height=\"200\" aria-label=\"\" role=\"img\" ><\/div>\n\t\t\t\t\t\t\t\t\t\t\t<div class=\"elementor-gallery-item__overlay\"><\/div>\n\t\t\t\t\t\t\t\t\t\t\t\t\t\t<\/a>\n\t\t\t\t\t\t\t<a class=\"e-gallery-item elementor-gallery-item elementor-animated-content\" href=\"https:\/\/centroferiascordoba.com\/wp-content\/uploads\/2025\/09\/A7409201-scaled.jpg\" data-elementor-open-lightbox=\"yes\" data-elementor-lightbox-slideshow=\"b9cbfed\" data-elementor-lightbox-title=\"A7409201\" data-e-action-hash=\"#elementor-action%3Aaction%3Dlightbox%26settings%3DeyJpZCI6NTg0NSwidXJsIjoiaHR0cHM6XC9cL2NlbnRyb2Zlcmlhc2NvcmRvYmEuY29tXC93cC1jb250ZW50XC91cGxvYWRzXC8yMDI1XC8wOVwvQTc0MDkyMDEtc2NhbGVkLmpwZyIsInNsaWRlc2hvdyI6ImI5Y2JmZWQifQ%3D%3D\">\n\t\t\t\t\t<div class=\"e-gallery-image elementor-gallery-item__image\" data-thumbnail=\"https:\/\/centroferiascordoba.com\/wp-content\/uploads\/2025\/09\/A7409201-300x200.jpg\" data-width=\"300\" data-height=\"200\" aria-label=\"\" role=\"img\" ><\/div>\n\t\t\t\t\t\t\t\t\t\t\t<div class=\"elementor-gallery-item__overlay\"><\/div>\n\t\t\t\t\t\t\t\t\t\t\t\t\t\t<\/a>\n\t\t\t\t\t\t\t<a class=\"e-gallery-item elementor-gallery-item elementor-animated-content\" href=\"https:\/\/centroferiascordoba.com\/wp-content\/uploads\/2025\/09\/A7409218-scaled.jpg\" data-elementor-open-lightbox=\"yes\" data-elementor-lightbox-slideshow=\"b9cbfed\" data-elementor-lightbox-title=\"A7409218\" data-e-action-hash=\"#elementor-action%3Aaction%3Dlightbox%26settings%3DeyJpZCI6NTg0NiwidXJsIjoiaHR0cHM6XC9cL2NlbnRyb2Zlcmlhc2NvcmRvYmEuY29tXC93cC1jb250ZW50XC91cGxvYWRzXC8yMDI1XC8wOVwvQTc0MDkyMTgtc2NhbGVkLmpwZyIsInNsaWRlc2hvdyI6ImI5Y2JmZWQifQ%3D%3D\">\n\t\t\t\t\t<div class=\"e-gallery-image elementor-gallery-item__image\" data-thumbnail=\"https:\/\/centroferiascordoba.com\/wp-content\/uploads\/2025\/09\/A7409218-200x300.jpg\" data-width=\"200\" data-height=\"300\" aria-label=\"\" role=\"img\" ><\/div>\n\t\t\t\t\t\t\t\t\t\t\t<div class=\"elementor-gallery-item__overlay\"><\/div>\n\t\t\t\t\t\t\t\t\t\t\t\t\t\t<\/a>\n\t\t\t\t\t\t\t<a class=\"e-gallery-item elementor-gallery-item elementor-animated-content\" href=\"https:\/\/centroferiascordoba.com\/wp-content\/uploads\/2025\/09\/A7409239-scaled.jpg\" data-elementor-open-lightbox=\"yes\" data-elementor-lightbox-slideshow=\"b9cbfed\" data-elementor-lightbox-title=\"A7409239\" data-e-action-hash=\"#elementor-action%3Aaction%3Dlightbox%26settings%3DeyJpZCI6NTg0NywidXJsIjoiaHR0cHM6XC9cL2NlbnRyb2Zlcmlhc2NvcmRvYmEuY29tXC93cC1jb250ZW50XC91cGxvYWRzXC8yMDI1XC8wOVwvQTc0MDkyMzktc2NhbGVkLmpwZyIsInNsaWRlc2hvdyI6ImI5Y2JmZWQifQ%3D%3D\">\n\t\t\t\t\t<div class=\"e-gallery-image elementor-gallery-item__image\" data-thumbnail=\"https:\/\/centroferiascordoba.com\/wp-content\/uploads\/2025\/09\/A7409239-200x300.jpg\" data-width=\"200\" data-height=\"300\" aria-label=\"\" role=\"img\" ><\/div>\n\t\t\t\t\t\t\t\t\t\t\t<div class=\"elementor-gallery-item__overlay\"><\/div>\n\t\t\t\t\t\t\t\t\t\t\t\t\t\t<\/a>\n\t\t\t\t\t<\/div>\n\t\t\t<\/div>\n\t\t\t\t<\/div>\n\t\t\t\t\t<\/div>\n\t\t\t\t<\/div>\n\t\t\t\t<\/div>","protected":false},"excerpt":{"rendered":"","protected":false},"author":10,"featured_media":0,"parent":0,"menu_order":0,"comment_status":"closed","ping_status":"closed","template":"","meta":{"footnotes":""},"class_list":["post-5832","page","type-page","status-publish"],"yoast_head":"<!-- This site is optimized with the Yoast SEO plugin v20.1 - https:\/\/yoast.com\/wordpress\/plugins\/seo\/ -->\n<title>FERIA CLIMATIZACI\u00d3N - A\u00daNA Distribuci\u00f3n de la Zona Sur - CEFC<\/title>\n<meta name=\"robots\" content=\"index, follow, max-snippet:-1, max-image-preview:large, max-video-preview:-1\" \/>\n<link rel=\"canonical\" href=\"https:\/\/centroferiascordoba.com\/en\/feria-climatizacion-auna-distribucion-de-la-zona-sur\/\" \/>\n<meta property=\"og:locale\" content=\"en_GB\" \/>\n<meta property=\"og:type\" content=\"article\" \/>\n<meta property=\"og:title\" content=\"FERIA CLIMATIZACI\u00d3N - A\u00daNA Distribuci\u00f3n de la Zona Sur - CEFC\" \/>\n<meta property=\"og:url\" content=\"https:\/\/centroferiascordoba.com\/en\/feria-climatizacion-auna-distribucion-de-la-zona-sur\/\" \/>\n<meta property=\"og:site_name\" content=\"CEFC\" \/>\n<meta property=\"article:modified_time\" content=\"2025-09-18T19:17:46+00:00\" \/>\n<meta name=\"twitter:card\" content=\"summary_large_image\" \/>\n<script type=\"application\/ld+json\" class=\"yoast-schema-graph\">{\"@context\":\"https:\/\/schema.org\",\"@graph\":[{\"@type\":\"WebPage\",\"@id\":\"https:\/\/centroferiascordoba.com\/feria-climatizacion-auna-distribucion-de-la-zona-sur\/\",\"url\":\"https:\/\/centroferiascordoba.com\/feria-climatizacion-auna-distribucion-de-la-zona-sur\/\",\"name\":\"FERIA CLIMATIZACI\u00d3N - A\u00daNA Distribuci\u00f3n de la Zona Sur - CEFC\",\"isPartOf\":{\"@id\":\"https:\/\/centroferiascordoba.com\/#website\"},\"datePublished\":\"2025-09-18T19:12:23+00:00\",\"dateModified\":\"2025-09-18T19:17:46+00:00\",\"breadcrumb\":{\"@id\":\"https:\/\/centroferiascordoba.com\/feria-climatizacion-auna-distribucion-de-la-zona-sur\/#breadcrumb\"},\"inLanguage\":\"en-GB\",\"potentialAction\":[{\"@type\":\"ReadAction\",\"target\":[\"https:\/\/centroferiascordoba.com\/feria-climatizacion-auna-distribucion-de-la-zona-sur\/\"]}]},{\"@type\":\"BreadcrumbList\",\"@id\":\"https:\/\/centroferiascordoba.com\/feria-climatizacion-auna-distribucion-de-la-zona-sur\/#breadcrumb\",\"itemListElement\":[{\"@type\":\"ListItem\",\"position\":1,\"name\":\"Portada\",\"item\":\"https:\/\/centroferiascordoba.com\/\"},{\"@type\":\"ListItem\",\"position\":2,\"name\":\"FERIA CLIMATIZACI\u00d3N &#8211; A\u00daNA Distribuci\u00f3n de la Zona Sur\"}]},{\"@type\":\"WebSite\",\"@id\":\"https:\/\/centroferiascordoba.com\/#website\",\"url\":\"https:\/\/centroferiascordoba.com\/\",\"name\":\"CEFC\",\"description\":\"Sitio Web Oficial Centro de Exposiciones, Ferias y Convenciones de C\u00f3rdoba\",\"potentialAction\":[{\"@type\":\"SearchAction\",\"target\":{\"@type\":\"EntryPoint\",\"urlTemplate\":\"https:\/\/centroferiascordoba.com\/?s={search_term_string}\"},\"query-input\":\"required name=search_term_string\"}],\"inLanguage\":\"en-GB\"}]}<\/script>\n<!-- \/ Yoast SEO plugin. -->","yoast_head_json":{"title":"FERIA CLIMATIZACI\u00d3N - A\u00daNA Distribuci\u00f3n de la Zona Sur - CEFC","robots":{"index":"index","follow":"follow","max-snippet":"max-snippet:-1","max-image-preview":"max-image-preview:large","max-video-preview":"max-video-preview:-1"},"canonical":"https:\/\/centroferiascordoba.com\/en\/feria-climatizacion-auna-distribucion-de-la-zona-sur\/","og_locale":"en_GB","og_type":"article","og_title":"FERIA CLIMATIZACI\u00d3N - A\u00daNA Distribuci\u00f3n de la Zona Sur - CEFC","og_url":"https:\/\/centroferiascordoba.com\/en\/feria-climatizacion-auna-distribucion-de-la-zona-sur\/","og_site_name":"CEFC","article_modified_time":"2025-09-18T19:17:46+00:00","twitter_card":"summary_large_image","schema":{"@context":"https:\/\/schema.org","@graph":[{"@type":"WebPage","@id":"https:\/\/centroferiascordoba.com\/feria-climatizacion-auna-distribucion-de-la-zona-sur\/","url":"https:\/\/centroferiascordoba.com\/feria-climatizacion-auna-distribucion-de-la-zona-sur\/","name":"FERIA CLIMATIZACI\u00d3N - A\u00daNA Distribuci\u00f3n de la Zona Sur - CEFC","isPartOf":{"@id":"https:\/\/centroferiascordoba.com\/#website"},"datePublished":"2025-09-18T19:12:23+00:00","dateModified":"2025-09-18T19:17:46+00:00","breadcrumb":{"@id":"https:\/\/centroferiascordoba.com\/feria-climatizacion-auna-distribucion-de-la-zona-sur\/#breadcrumb"},"inLanguage":"en-GB","potentialAction":[{"@type":"ReadAction","target":["https:\/\/centroferiascordoba.com\/feria-climatizacion-auna-distribucion-de-la-zona-sur\/"]}]},{"@type":"BreadcrumbList","@id":"https:\/\/centroferiascordoba.com\/feria-climatizacion-auna-distribucion-de-la-zona-sur\/#breadcrumb","itemListElement":[{"@type":"ListItem","position":1,"name":"Portada","item":"https:\/\/centroferiascordoba.com\/"},{"@type":"ListItem","position":2,"name":"FERIA CLIMATIZACI\u00d3N &#8211; A\u00daNA Distribuci\u00f3n de la Zona Sur"}]},{"@type":"WebSite","@id":"https:\/\/centroferiascordoba.com\/#website","url":"https:\/\/centroferiascordoba.com\/","name":"CEFC","description":"Sitio Web Oficial Centro de Exposiciones, Ferias y Convenciones de C\u00f3rdoba","potentialAction":[{"@type":"SearchAction","target":{"@type":"EntryPoint","urlTemplate":"https:\/\/centroferiascordoba.com\/?s={search_term_string}"},"query-input":"required name=search_term_string"}],"inLanguage":"en-GB"}]}},"_links":{"self":[{"href":"https:\/\/centroferiascordoba.com\/en\/wp-json\/wp\/v2\/pages\/5832","targetHints":{"allow":["GET"]}}],"collection":[{"href":"https:\/\/centroferiascordoba.com\/en\/wp-json\/wp\/v2\/pages"}],"about":[{"href":"https:\/\/centroferiascordoba.com\/en\/wp-json\/wp\/v2\/types\/page"}],"author":[{"embeddable":true,"href":"https:\/\/centroferiascordoba.com\/en\/wp-json\/wp\/v2\/users\/10"}],"replies":[{"embeddable":true,"href":"https:\/\/centroferiascordoba.com\/en\/wp-json\/wp\/v2\/comments?post=5832"}],"version-history":[{"count":4,"href":"https:\/\/centroferiascordoba.com\/en\/wp-json\/wp\/v2\/pages\/5832\/revisions"}],"predecessor-version":[{"id":5850,"href":"https:\/\/centroferiascordoba.com\/en\/wp-json\/wp\/v2\/pages\/5832\/revisions\/5850"}],"wp:attachment":[{"href":"https:\/\/centroferiascordoba.com\/en\/wp-json\/wp\/v2\/media?parent=5832"}],"curies":[{"name":"wp","href":"https:\/\/api.w.org\/{rel}","templated":true}]}}